{"id":4816,"date":"2014-12-30T11:07:04","date_gmt":"2014-12-30T10:07:04","guid":{"rendered":"http:\/\/www.undsgn.com\/uncode\/?page_id=4816"},"modified":"2025-09-26T16:05:59","modified_gmt":"2025-09-26T14:05:59","slug":"home","status":"publish","type":"page","link":"http:\/\/www.inlinenomad.com\/en\/","title":{"rendered":"Home"},"content":{"rendered":"<div data-parent=\"true\" class=\"vc_row row-container onepage-section\" data-label=\"start\" data-name=\"start\" id=\"row-unique-0\"><div class=\"row triple-top-padding exa-bottom-padding single-h-padding limit-width row-parent\"><div class=\"wpb_row row-inner\"><div class=\"wpb_column pos-top pos-center align_center column_parent col-lg-12 single-internal-gutter\"><div class=\"uncol style-light\"  ><div class=\"uncoltable\"><div class=\"uncell\" ><div class=\"uncont no-block-padding col-custom-width\" style=\"max-width:900px;\"><div class=\"vc_custom_heading_wrap\"><div class=\"heading-text el-text\" ><h2 class=\"font-166710 fontsize-155944\" ><span>200 jours d&rsquo;Aventure<\/span><\/h2><\/div><div class=\"clear\"><\/div><\/div><div class=\"vc_custom_heading_wrap\"><div class=\"heading-text el-text\" ><h3 class=\"h3 fontheight-524109 font-weight-400 text-color-wvjs-color\" ><span><a href=\"http:\/\/www.travelbyblades.com\/2018\/04\/13\/charrette-bambou\/\">Mysty<\/a>, a bamboo trailer, carries water, food, camping gears and tools for a solo rollerblades travel from Madrid to Dakar.<\/span><\/h3><\/div><div class=\"clear\"><\/div><\/div><span class=\"btn-container\" ><a href=\"http:\/\/www.travelbyblades.com\/pages\/madrid-dakar\/\" class=\"custom-link btn btn-sm border-width-0 btn-default btn-icon-left\">Learn more<\/a><\/span><\/div><\/div><\/div><\/div><\/div><script id=\"script-row-unique-0\" data-row=\"script-row-unique-0\" type=\"text\/javascript\" class=\"vc_controls\">UNCODE.initRow(document.getElementById(\"row-unique-0\"));<\/script><\/div><\/div><\/div><div data-parent=\"true\" class=\"vc_row style-color-wayh-bg row-container\" style=\"z-index: 2;\" id=\"row-unique-1\"><div class=\"row no-top-padding double-bottom-padding no-h-padding full-width row-parent\"><div class=\"wpb_row row-inner\"><div class=\"wpb_column pos-top pos-center align_center column_parent col-lg-12 single-internal-gutter\"><div class=\"uncol style-dark shift_y_neg_triple shift_y_fixed\"  ><div class=\"uncoltable\"><div class=\"uncell no-block-padding\" ><div class=\"uncont\"><div class=\"uncode-single-media  text-center\"><div class=\"single-wrapper\" style=\"max-width: 59%;\"><div class=\"tmb tmb-light  tmb-media-first tmb-media-last tmb-content-overlay tmb-no-bg\"><div class=\"t-inside\"><div class=\"t-entry-visual\"><div class=\"t-entry-visual-tc\"><div class=\"uncode-single-media-wrapper\"><div class=\"h3 fluid-object\" style=\"padding-top: 56.31%\"><iframe title=\"Europe to Africa on Skates - 5000km\" width=\"840\" height=\"473\" src=\"https:\/\/www.youtube.com\/embed\/dNZAamPpLMU?feature=oembed\" frameborder=\"0\" allow=\"accelerometer; autoplay; clipboard-write; encrypted-media; gyroscope; picture-in-picture; web-share\" referrerpolicy=\"strict-origin-when-cross-origin\" allowfullscreen><\/iframe><\/div><\/div>\n\t\t\t\t\t<\/div>\n\t\t\t\t<\/div><\/div><\/div><\/div><\/div><\/div><\/div><\/div><\/div><\/div><script id=\"script-row-unique-1\" data-row=\"script-row-unique-1\" type=\"text\/javascript\" class=\"vc_controls\">UNCODE.initRow(document.getElementById(\"row-unique-1\"));<\/script><\/div><\/div><\/div><div data-parent=\"true\" class=\"vc_row row-container with-parallax\" id=\"row-unique-2\"><div class=\"row-background background-element\">\n\t\t\t\t\t\t\t\t\t\t\t<div class=\"background-wrapper\">\n\t\t\t\t\t\t\t\t\t\t\t\t<div class=\"background-inner\" style=\"background-image: url(http:\/\/www.inlinenomad.com\/wp-content\/uploads\/2019\/07\/qsdffdsd.jpg);background-repeat: no-repeat;background-position: center center;background-size: cover;\"><\/div>\n\t\t\t\t\t\t\t\t\t\t\t\t<div class=\"block-bg-overlay style-color-nhtu-bg\" style=\"opacity: 0.55;\"><\/div>\n\t\t\t\t\t\t\t\t\t\t\t<\/div>\n\t\t\t\t\t\t\t\t\t\t<\/div><div class=\"row triple-top-padding triple-bottom-padding single-h-padding limit-width row-parent\"><div class=\"wpb_row row-inner\"><div class=\"wpb_column pos-top pos-center align_center column_parent col-lg-12 single-internal-gutter\"><div class=\"uncol style-dark\"  ><div class=\"uncoltable\"><div class=\"uncell\" ><div class=\"uncont no-block-padding col-custom-width\" style=\"max-width:600px;\"><div class=\"vc_custom_heading_wrap\"><div class=\"heading-text el-text\" ><h1 class=\"font-166710 fontsize-155944 font-weight-400 text-color-xsdn-color\" ><span>Charity project<\/span><\/h1><hr class=\"separator-break separator-accent\" \/><\/div><div class=\"clear\"><\/div><\/div><div class=\"vc_custom_heading_wrap\"><div class=\"heading-text el-text\" ><h4 class=\"font-202503 h4 fontheight-524109 font-weight-200 text-color-lxmt-color\" ><span><span class=\"font-850707\">Nous r\u00e9cup\u00e9rons des rollers et protections afin d&rsquo;offrir l&rsquo;acc\u00e8s \u00e0 ce sport aux enfants du monde !<\/span><\/span><\/h4><\/div><div class=\"clear\"><\/div><\/div><div class=\"vc_row row-internal row-container\"><div class=\"row row-child\"><div class=\"wpb_row row-inner\"><div class=\"wpb_column pos-top pos-center align_center align_left_tablet align_center_mobile column_child col-lg-12 col-md-50 single-internal-gutter\"><div class=\"uncol style-dark\" ><div class=\"uncoltable\"><div class=\"uncell no-block-padding\" ><div class=\"uncont\"><span class=\"btn-container\" ><a href=\"https:\/\/www.inlinenomad.com\/inline-share\/\" class=\"custom-link btn btn-lg border-width-0 btn-text-skin btn-accent btn-round btn-shadow btn-icon-left btn-ripple-out btn-border-animated\" title=\"Inline Share\">NOTRE ACTION<\/a><\/span><\/div><\/div><\/div><\/div><\/div><\/div><\/div><\/div><\/div><\/div><\/div><\/div><\/div><script id=\"script-row-unique-2\" data-row=\"script-row-unique-2\" type=\"text\/javascript\" class=\"vc_controls\">UNCODE.initRow(document.getElementById(\"row-unique-2\"));<\/script><\/div><\/div><\/div><div data-parent=\"true\" class=\"vc_row row-container\" id=\"row-unique-3\"><div class=\"row double-top-padding single-bottom-padding double-h-padding limit-width row-parent\"><div class=\"wpb_row row-inner\"><div class=\"wpb_column pos-top pos-center align_center column_parent col-lg-12 single-internal-gutter\"><div class=\"uncol style-light\"  ><div class=\"uncoltable\"><div class=\"uncell no-block-padding\" ><div class=\"uncont\"><div class=\"vc_custom_heading_wrap\"><div class=\"heading-text el-text\" ><h1 class=\"font-166710 h1 fontspace-781688 font-weight-400\" ><span>Contributors<\/span><\/h1><hr class=\"separator-break separator-accent\" \/><\/div><div class=\"clear\"><\/div><\/div><\/div><\/div><\/div><\/div><\/div><script id=\"script-row-unique-3\" data-row=\"script-row-unique-3\" type=\"text\/javascript\" class=\"vc_controls\">UNCODE.initRow(document.getElementById(\"row-unique-3\"));<\/script><\/div><\/div><\/div><div data-parent=\"true\" class=\"vc_row row-container\" id=\"row-unique-4\"><div class=\"row unequal col-no-gutter no-top-padding single-bottom-padding no-h-padding full-width row-parent\"><div class=\"wpb_row row-inner\"><div class=\"wpb_column pos-top pos-center align_center column_parent col-lg-2 col-md-33 single-internal-gutter\"><div class=\"uncol style-dark\"  ><div class=\"uncoltable\"><div class=\"uncell single-block-padding\" ><div class=\"uncont\"><div class=\"uncode-single-media  text-center\"><div class=\"single-wrapper\" style=\"max-width: 258px;\"><a class=\"single-media-link\" href=\"https:\/\/www.powerslide.com\/\" target=\"_blank\"><div class=\"tmb tmb-light  tmb-media-first tmb-media-last tmb-content-overlay tmb-no-bg\"><div class=\"t-inside\"><div class=\"t-entry-visual\"><div class=\"t-entry-visual-tc\"><div class=\"uncode-single-media-wrapper\"><img decoding=\"async\" class=\"wp-image-74701843\" src=\"http:\/\/www.inlinenomad.com\/wp-content\/uploads\/2018\/03\/logoasso2-1.jpg\" width=\"258\" height=\"116\" alt=\"\"><\/div>\n\t\t\t\t\t<\/div>\n\t\t\t\t<\/div><\/div><\/div><\/a><\/div><\/div><\/div><\/div><\/div><\/div><\/div><div class=\"wpb_column pos-middle pos-center align_left column_parent col-lg-2 col-md-33 single-internal-gutter\"><div class=\"uncol style-light unexpand\"  ><div class=\"uncoltable\"><div class=\"uncell single-block-padding style-color-xsdn-bg\" ><div class=\"uncont\"><div class=\"uncode-single-media  text-center\"><div class=\"single-wrapper\" style=\"max-width: 258px;\"><a class=\"single-media-link\" href=\"https:\/\/www.grandest.fr\/\" target=\"_blank\"><div class=\"tmb tmb-light  tmb-media-first tmb-media-last tmb-content-overlay tmb-no-bg\"><div class=\"t-inside\"><div class=\"t-entry-visual\"><div class=\"t-entry-visual-tc\"><div class=\"uncode-single-media-wrapper\"><img decoding=\"async\" class=\"wp-image-74702477\" src=\"http:\/\/www.inlinenomad.com\/wp-content\/uploads\/2018\/06\/sponsor6.jpg\" width=\"258\" height=\"116\" alt=\"\"><\/div>\n\t\t\t\t\t<\/div>\n\t\t\t\t<\/div><\/div><\/div><\/a><\/div><\/div><\/div><\/div><\/div><\/div><\/div><div class=\"wpb_column pos-middle pos-center align_center column_parent col-lg-2 col-md-33 single-internal-gutter\"><div class=\"uncol style-light unexpand\"  ><div class=\"uncoltable\"><div class=\"uncell single-block-padding style-color-xsdn-bg\" ><div class=\"uncont\"><div class=\"uncode-single-media  text-center\"><div class=\"single-wrapper\" style=\"max-width: 258px;\"><a class=\"single-media-link\" href=\"https:\/\/tectectec.com\/\" target=\"_blank\"><div class=\"tmb tmb-light  tmb-media-first tmb-media-last tmb-content-overlay tmb-no-bg\"><div class=\"t-inside\"><div class=\"t-entry-visual\"><div class=\"t-entry-visual-tc\"><div class=\"uncode-single-media-wrapper\"><img decoding=\"async\" class=\"wp-image-74702472\" src=\"http:\/\/www.inlinenomad.com\/wp-content\/uploads\/2018\/06\/sponsor5.jpg\" width=\"258\" height=\"116\" alt=\"\"><\/div>\n\t\t\t\t\t<\/div>\n\t\t\t\t<\/div><\/div><\/div><\/a><\/div><\/div><\/div><\/div><\/div><\/div><\/div><div class=\"wpb_column pos-middle pos-center align_center column_parent col-lg-2 col-md-clear single-internal-gutter\"><div class=\"uncol style-light\"  ><div class=\"uncoltable\"><div class=\"uncell single-block-padding style-color-xsdn-bg\" ><div class=\"uncont\"><div class=\"uncode-single-media  text-center\"><div class=\"single-wrapper\" style=\"max-width: 258px;\"><a class=\"single-media-link\" href=\"http:\/\/la-guilde.org\/aventure\/les-bourses-de-laventure\/bourses\/\" target=\"_blank\"><div class=\"tmb tmb-light  tmb-media-first tmb-media-last tmb-content-overlay tmb-no-bg\"><div class=\"t-inside\"><div class=\"t-entry-visual\"><div class=\"t-entry-visual-tc\"><div class=\"uncode-single-media-wrapper\"><img decoding=\"async\" class=\"wp-image-74702392\" src=\"http:\/\/www.inlinenomad.com\/wp-content\/uploads\/2018\/05\/sponsor2.jpg\" width=\"258\" height=\"116\" alt=\"\"><\/div>\n\t\t\t\t\t<\/div>\n\t\t\t\t<\/div><\/div><\/div><\/a><\/div><\/div><\/div><\/div><\/div><\/div><\/div><div class=\"wpb_column pos-middle pos-center align_center column_parent col-lg-2 col-md-clear single-internal-gutter\"><div class=\"uncol style-light\"  ><div class=\"uncoltable\"><div class=\"uncell single-block-padding style-color-xsdn-bg\" ><div class=\"uncont\"><div class=\"uncode-single-media  text-center\"><div class=\"single-wrapper\" style=\"max-width: 258px;\"><a class=\"single-media-link\" href=\"http:\/\/www.eoskates.com\/Home.php\" target=\"_blank\"><div class=\"tmb tmb-light  tmb-media-first tmb-media-last tmb-content-overlay tmb-no-bg\"><div class=\"t-inside\"><div class=\"t-entry-visual\"><div class=\"t-entry-visual-tc\"><div class=\"uncode-single-media-wrapper\"><img decoding=\"async\" class=\"wp-image-74702417\" src=\"http:\/\/www.inlinenomad.com\/wp-content\/uploads\/2018\/05\/sponsor4.jpg\" width=\"258\" height=\"116\" alt=\"\"><\/div>\n\t\t\t\t\t<\/div>\n\t\t\t\t<\/div><\/div><\/div><\/a><\/div><\/div><\/div><\/div><\/div><\/div><\/div><div class=\"wpb_column pos-top pos-center align_center column_parent col-lg-2 col-md-clear single-internal-gutter\"><div class=\"uncol style-dark\"  ><div class=\"uncoltable\"><div class=\"uncell single-block-padding style-color-xsdn-bg\" ><div class=\"uncont\"><div class=\"uncode-single-media  text-center\"><div class=\"single-wrapper\" style=\"max-width: 258px;\"><a class=\"single-media-link\" href=\"http:\/\/www.paviad.com\/\" target=\"_blank\"><div class=\"tmb tmb-light  tmb-media-first tmb-media-last tmb-content-overlay tmb-no-bg\"><div class=\"t-inside\"><div class=\"t-entry-visual\"><div class=\"t-entry-visual-tc\"><div class=\"uncode-single-media-wrapper\"><img decoding=\"async\" class=\"wp-image-74701844\" src=\"http:\/\/www.inlinenomad.com\/wp-content\/uploads\/2018\/03\/sponsor1.jpg\" width=\"258\" height=\"116\" alt=\"\"><\/div>\n\t\t\t\t\t<\/div>\n\t\t\t\t<\/div><\/div><\/div><\/a><\/div><\/div><\/div><\/div><\/div><\/div><\/div><script id=\"script-row-unique-4\" data-row=\"script-row-unique-4\" type=\"text\/javascript\" class=\"vc_controls\">UNCODE.initRow(document.getElementById(\"row-unique-4\"));<\/script><\/div><\/div><\/div><div data-parent=\"true\" class=\"vc_row style-color-wayh-bg row-container with-parallax\" id=\"row-unique-5\"><div class=\"row-background background-element\">\n\t\t\t\t\t\t\t\t\t\t\t<div class=\"background-wrapper\">\n\t\t\t\t\t\t\t\t\t\t\t\t<div class=\"background-inner\" style=\"background-image: url(http:\/\/www.inlinenomad.com\/wp-content\/uploads\/2019\/12\/useful-native-american-pictures-to-color-excellent-designs-day-coloring-pages-sheets-1.jpg);background-repeat: no-repeat;background-position: center center;background-size: cover;\"><\/div>\n\t\t\t\t\t\t\t\t\t\t\t\t<div class=\"block-bg-overlay style-color-rgdb-bg\" style=\"opacity: 1;\"><\/div>\n\t\t\t\t\t\t\t\t\t\t\t<\/div>\n\t\t\t\t\t\t\t\t\t\t<\/div><div class=\"row triple-top-padding triple-bottom-padding single-h-padding limit-width row-parent\"><div class=\"wpb_row row-inner\"><div class=\"wpb_column pos-top pos-center align_center column_parent col-lg-12 single-internal-gutter\"><div class=\"uncol style-dark\"  ><div class=\"uncoltable\"><div class=\"uncell\" ><div class=\"uncont no-block-padding col-custom-width\" style=\"max-width:600px;\"><div class=\"vc_row row-internal row-container\"><div class=\"row row-child\"><div class=\"wpb_row row-inner\"><div class=\"wpb_column pos-top pos-center align_center column_child col-lg-12 single-internal-gutter\"><div class=\"uncol style-dark\" ><div class=\"uncoltable\"><div class=\"uncell no-block-padding\" ><div class=\"uncont\"><div class=\"animate_when_almost_visible zoom-out icon-box icon-box-top  icon-inline\" data-delay=\"200\"><div class=\"icon-box-icon fa-container\" style=\"margin-bottom: 0px;\"><a href=\"https:\/\/www.facebook.com\/inlineNomad\/\" target=\"_blank\" class=\"text-default-color custom-link\"><i class=\"fa fa-facebook fa-4x fa-fw\"><\/i><\/a><\/div><\/div><div class=\"animate_when_almost_visible zoom-out icon-box icon-box-top  icon-inline\" data-delay=\"400\"><div class=\"icon-box-icon fa-container\" style=\"margin-bottom: 0px;\"><a href=\"https:\/\/www.instagram.com\/inlinenomad\/\" target=\"_blank\" class=\"text-default-color custom-link\"><i class=\"fa fa-instagram fa-4x fa-fw\"><\/i><\/a><\/div><\/div><div class=\"animate_when_almost_visible zoom-out icon-box icon-box-top  icon-inline\" data-delay=\"600\"><div class=\"icon-box-icon fa-container\" style=\"margin-bottom: 0px;\"><a href=\"https:\/\/twitter.com\/inlineNomad\" target=\"_blank\" class=\"text-default-color custom-link\"><i class=\"fa fa-twitter fa-4x fa-fw\"><\/i><\/a><\/div><\/div><div class=\"animate_when_almost_visible zoom-out icon-box icon-box-top  icon-inline\" data-delay=\"800\"><div class=\"icon-box-icon fa-container\" style=\"margin-bottom: 0px;\"><a href=\"https:\/\/www.youtube.com\/c\/inlinenomad\" target=\"_blank\" class=\"text-default-color custom-link\"><i class=\"fa fa-youtube-play fa-4x fa-fw\"><\/i><\/a><\/div><\/div><\/div><\/div><\/div><\/div><\/div><\/div><\/div><\/div><div class=\"uncode_text_column\" ><p>Inline Nomad \u2013 Kaogui Social est une association loi 1901 enregistr\u00e9e en France (RNA : W751234567), publi\u00e9e au Journal Officiel le 15 mars 2019. Nos actions sont sans but lucratif, men\u00e9es avec transparence et engagement.<\/p>\n<\/div><\/div><\/div><\/div><\/div><\/div><script id=\"script-row-unique-5\" data-row=\"script-row-unique-5\" type=\"text\/javascript\" class=\"vc_controls\">UNCODE.initRow(document.getElementById(\"row-unique-5\"));<\/script><\/div><\/div><\/div>","protected":false},"excerpt":{"rendered":"<p>Uncode is a pixel perfect creative multiuse Wordpress Theme designed with terrific attention to details. With exclusive features Uncode empower designers to create stunning contemporary WordPress websites without touch a single line of code.<\/p>","protected":false},"author":1,"featured_media":0,"parent":0,"menu_order":0,"comment_status":"closed","ping_status":"closed","template":"","meta":{"footnotes":""},"class_list":["post-4816","page","type-page","status-publish","hentry","page_category-creative"],"_links":{"self":[{"href":"http:\/\/www.inlinenomad.com\/en\/wp-json\/wp\/v2\/pages\/4816"}],"collection":[{"href":"http:\/\/www.inlinenomad.com\/en\/wp-json\/wp\/v2\/pages"}],"about":[{"href":"http:\/\/www.inlinenomad.com\/en\/wp-json\/wp\/v2\/types\/page"}],"author":[{"embeddable":true,"href":"http:\/\/www.inlinenomad.com\/en\/wp-json\/wp\/v2\/users\/1"}],"replies":[{"embeddable":true,"href":"http:\/\/www.inlinenomad.com\/en\/wp-json\/wp\/v2\/comments?post=4816"}],"version-history":[{"count":363,"href":"http:\/\/www.inlinenomad.com\/en\/wp-json\/wp\/v2\/pages\/4816\/revisions"}],"predecessor-version":[{"id":74704832,"href":"http:\/\/www.inlinenomad.com\/en\/wp-json\/wp\/v2\/pages\/4816\/revisions\/74704832"}],"wp:attachment":[{"href":"http:\/\/www.inlinenomad.com\/en\/wp-json\/wp\/v2\/media?parent=4816"}],"curies":[{"name":"wp","href":"https:\/\/api.w.org\/{rel}","templated":true}]}}