{"id":3876,"date":"2014-12-13T01:47:04","date_gmt":"2014-12-13T00:47:04","guid":{"rendered":"http:\/\/www.undsgn.com\/uncode\/?page_id=3876"},"modified":"2019-06-25T14:25:39","modified_gmt":"2019-06-25T12:25:39","slug":"contact-clean","status":"publish","type":"page","link":"https:\/\/www.inlinenomad.com\/en\/pages\/contact-clean\/","title":{"rendered":"Contact"},"content":{"rendered":"<div data-parent=\"true\" class=\"vc_row limit-width row-container\" id=\"row-unique-0\"><div class=\"row double-top-padding double-bottom-padding single-h-padding row-parent\"><div class=\"wpb_row row-inner\"><div class=\"wpb_column pos-top pos-left align_left column_parent col-lg-7 col-md-66 single-internal-gutter\"><div class=\"uncol style-light\"  ><div class=\"uncoltable\"><div class=\"uncell no-block-padding\" ><div class=\"uncont\" style=\"max-width:90%;\"><div class=\"vc_row row-internal row-container\"><div class=\"row row-child\"><div class=\"wpb_row row-inner\"><div class=\"wpb_column pos-top pos-center align_left column_child col-lg-12 single-internal-gutter\"><div class=\"uncol style-light\" ><div class=\"uncoltable\"><div class=\"uncell no-block-padding\" ><div class=\"uncont\"><div class=\"vc_custom_heading_wrap\"><div class=\"heading-text el-text\" ><h2 class=\"font-166710 h4 text-capitalize\" ><span>Qui sommes nous ?<\/span><\/h2><div><p>Le voyageur s'appelle Johann Camboulive, 20 ans de roller et un petit faible pour l'aventure. Suivi dans ses d\u00e9lires de voyages depuis des ann\u00e9es par sa famille et ses amis, il est aujourd'hui soutenu dans la r\u00e9alisation de collecte de mat\u00e9riel de roller pour le S\u00e9n\u00e9gal !<\/p>\n<\/div><\/div><div class=\"clear\"><\/div><\/div><\/div><\/div><\/div><\/div><\/div><\/div><\/div><\/div><div class=\"divider-wrapper\"  >\n    <hr class=\"border-default-color separator-no-padding\"  \/>\n<\/div>\n\n<div class=\"wpcf7 no-js\" id=\"wpcf7-f22444-o1\" lang=\"en-US\" dir=\"ltr\">\n<div class=\"screen-reader-response\"><p role=\"status\" aria-live=\"polite\" aria-atomic=\"true\"><\/p> <ul><\/ul><\/div>\n<form action=\"\/en\/wp-json\/wp\/v2\/pages\/3876#wpcf7-f22444-o1\" method=\"post\" class=\"wpcf7-form init\" aria-label=\"Contact form\" novalidate=\"novalidate\" data-status=\"init\" data-trp-original-action=\"\/en\/wp-json\/wp\/v2\/pages\/3876#wpcf7-f22444-o1\">\n<div style=\"display: none;\">\n<input type=\"hidden\" name=\"_wpcf7\" value=\"22444\" \/>\n<input type=\"hidden\" name=\"_wpcf7_version\" value=\"5.9.8\" \/>\n<input type=\"hidden\" name=\"_wpcf7_locale\" value=\"en_US\" \/>\n<input type=\"hidden\" name=\"_wpcf7_unit_tag\" value=\"wpcf7-f22444-o1\" \/>\n<input type=\"hidden\" name=\"_wpcf7_container_post\" value=\"0\" \/>\n<input type=\"hidden\" name=\"_wpcf7_posted_data_hash\" value=\"\" \/>\n<\/div>\n<p>Name (mandatory)\n<\/p>\n<p><span class=\"wpcf7-form-control-wrap\" data-name=\"your-firstname\"><input size=\"40\" maxlength=\"400\" class=\"wpcf7-form-control wpcf7-text wpcf7-validates-as-required form-fluid\" aria-required=\"true\" aria-invalid=\"false\" value=\"\" type=\"text\" name=\"your-firstname\" \/><\/span>\n<\/p>\n<p>Email (mandatory)\n<\/p>\n<p><span class=\"wpcf7-form-control-wrap\" data-name=\"your-email\"><input size=\"40\" maxlength=\"400\" class=\"wpcf7-form-control wpcf7-email wpcf7-validates-as-required wpcf7-text wpcf7-validates-as-email form-fluid\" aria-required=\"true\" aria-invalid=\"false\" value=\"\" type=\"email\" name=\"your-email\" \/><\/span>\n<\/p>\n<p>Message\n<\/p>\n<p><span class=\"wpcf7-form-control-wrap\" data-name=\"your-message\"><textarea cols=\"40\" rows=\"8\" maxlength=\"2000\" class=\"wpcf7-form-control wpcf7-textarea\" aria-invalid=\"false\" name=\"your-message\"><\/textarea><\/span>\n<\/p>\n<p><input class=\"wpcf7-form-control wpcf7-submit has-spinner btn btn-lg\" type=\"submit\" value=\"Send message\" \/>\n<\/p><div class=\"wpcf7-response-output\" aria-hidden=\"true\"><\/div>\n<input type=\"hidden\" name=\"trp-form-language\" value=\"en\"\/><\/form>\n<\/div>\n<\/div><\/div><\/div><\/div><\/div><div class=\"wpb_column pos-top pos-left align_left column_parent col-lg-5 col-md-33 single-internal-gutter\"><div class=\"uncol style-light\"  ><div class=\"uncoltable\"><div class=\"uncell no-block-padding\" ><div class=\"uncont\"><div class=\"uncode-single-media  text-left\"><div class=\"single-wrapper\" style=\"max-width: 100%;\"><div class=\"tmb tmb-light  tmb-media-first tmb-media-last tmb-content-overlay tmb-no-bg tmb-lightbox\"><div class=\"t-inside\"><div class=\"t-entry-visual\"><div class=\"t-entry-visual-tc\"><div class=\"uncode-single-media-wrapper\"><div class=\"dummy\" style=\"padding-top: 127.6%;\"><\/div><a tabindex=\"-1\" href=\"https:\/\/www.inlinenomad.com\/wp-content\/uploads\/2018\/05\/14188173_101542640777686807_2148037960934574920_o.jpg\" class=\"pushed\" data-active=\"1\" data-lbox=\"ilightbox_single-74702411\" data-options=\"width:392,height:500,thumbnail: 'https:\/\/www.inlinenomad.com\/wp-content\/uploads\/2018\/05\/14188173_101542640777686807_2148037960934574920_o-235x300.jpg'\"><img decoding=\"async\" class=\"wp-image-74702411\" src=\"https:\/\/www.inlinenomad.com\/wp-content\/uploads\/2018\/05\/14188173_101542640777686807_2148037960934574920_o.jpg\" width=\"392\" height=\"500\" alt=\"\" srcset=\"https:\/\/www.inlinenomad.com\/wp-content\/uploads\/2018\/05\/14188173_101542640777686807_2148037960934574920_o.jpg 392w, https:\/\/www.inlinenomad.com\/wp-content\/uploads\/2018\/05\/14188173_101542640777686807_2148037960934574920_o-235x300.jpg 235w\" sizes=\"(max-width: 392px) 100vw, 392px\" \/><\/a><\/div>\n\t\t\t\t\t<\/div>\n\t\t\t\t<\/div><\/div><\/div><\/div><\/div><div class=\"divider-wrapper\"  >\n    <hr class=\"border-default-color separator-no-padding\"  \/>\n<\/div>\n<div class=\"vc_custom_heading_wrap\"><div class=\"heading-text el-text\" ><h2 class=\"font-166710 h4 text-capitalize\" ><span>Infos<\/span><\/h2><div><p>Email: inlinenomad@gmail.com<br \/>\nPhone: +33 (0) 6 34 06 22 63<\/p>\n<\/div><\/div><div class=\"clear\"><\/div><\/div><div class=\"divider-wrapper\"  >\n    <hr class=\"border-default-color separator-no-padding\"  \/>\n<\/div>\n<\/div><\/div><\/div><\/div><\/div><script id=\"script-row-unique-0\" data-row=\"script-row-unique-0\" type=\"text\/javascript\" class=\"vc_controls\">UNCODE.initRow(document.getElementById(\"row-unique-0\"));<\/script><\/div><\/div><\/div>","protected":false},"excerpt":{"rendered":"Qui sommes nous ?Le voyageur s'appelle Johann Camboulive, 20 ans de roller et un petit faible pour l'aventure. Suivi dans [...]","protected":false},"author":1,"featured_media":0,"parent":36601,"menu_order":0,"comment_status":"open","ping_status":"closed","template":"","meta":{"footnotes":""},"class_list":["post-3876","page","type-page","status-publish","hentry"],"_links":{"self":[{"href":"https:\/\/www.inlinenomad.com\/en\/wp-json\/wp\/v2\/pages\/3876"}],"collection":[{"href":"https:\/\/www.inlinenomad.com\/en\/wp-json\/wp\/v2\/pages"}],"about":[{"href":"https:\/\/www.inlinenomad.com\/en\/wp-json\/wp\/v2\/types\/page"}],"author":[{"embeddable":true,"href":"https:\/\/www.inlinenomad.com\/en\/wp-json\/wp\/v2\/users\/1"}],"replies":[{"embeddable":true,"href":"https:\/\/www.inlinenomad.com\/en\/wp-json\/wp\/v2\/comments?post=3876"}],"version-history":[{"count":21,"href":"https:\/\/www.inlinenomad.com\/en\/wp-json\/wp\/v2\/pages\/3876\/revisions"}],"predecessor-version":[{"id":74703762,"href":"https:\/\/www.inlinenomad.com\/en\/wp-json\/wp\/v2\/pages\/3876\/revisions\/74703762"}],"up":[{"embeddable":true,"href":"https:\/\/www.inlinenomad.com\/en\/wp-json\/wp\/v2\/pages\/36601"}],"wp:attachment":[{"href":"https:\/\/www.inlinenomad.com\/en\/wp-json\/wp\/v2\/media?parent=3876"}],"curies":[{"name":"wp","href":"https:\/\/api.w.org\/{rel}","templated":true}]}}