{"id":74700535,"date":"2018-02-15T18:47:42","date_gmt":"2018-02-15T17:47:42","guid":{"rendered":"http:\/\/www.travelbyblades.com\/?page_id=74700535"},"modified":"2018-03-06T20:28:09","modified_gmt":"2018-03-06T19:28:09","slug":"americano","status":"publish","type":"page","link":"https:\/\/www.inlinenomad.com\/en\/pages\/americano\/","title":{"rendered":"Americano"},"content":{"rendered":"<div data-parent=\"true\" class=\"vc_row style-color-xsdn-bg row-container\" id=\"row-unique-0\"><div class=\"row double-top-padding double-bottom-padding one-h-padding limit-width row-parent\" data-height-ratio=\"86\"><div class=\"wpb_row shift_y_neg_quad shift_y_fixed row-inner\"><div class=\"wpb_column pos-top pos-center align_center column_parent col-lg-12 double-internal-gutter\"><div class=\"uncol style-light\"  ><div class=\"uncoltable\"><div class=\"uncell double-block-padding style-color-xsdn-bg\" ><div class=\"uncont\"><div class=\"vc_custom_heading_wrap\"><div class=\"heading-text el-text\" ><h1 class=\"font-202503 fontsize-338686 font-weight-400\" ><span><em>Americano<\/em><\/span><\/h1><hr class=\"separator-break\" \/><\/div><div class=\"clear\"><\/div><\/div><div class=\"vc_row row-internal row-container\"><div class=\"row row-child\"><div class=\"wpb_row row-inner\"><div class=\"wpb_column pos-top pos-center align_left column_child col-lg-12 single-internal-gutter\"><div class=\"uncol style-light shift_y_neg_triple\" ><div class=\"uncoltable\"><div class=\"uncell triple-block-padding\" ><div class=\"uncont\" style=\"max-width:90%;\"><div class=\"vc_custom_heading_wrap\"><div class=\"heading-text el-text\" ><\/p>\n<h2><span class=\"font-202503\"><strong><em>A long journey<\/em><\/strong><\/span><\/h2>\n<p>&nbsp;<\/p>\n<p><span class=\"font-762333\">Au d\u00e9part, Americano, c&rsquo;est un grand voyage en autostop sur 15 000 km \u00e0 travers l&rsquo;Am\u00e9rique du nord et l&rsquo;Am\u00e9rique centrale. Un voyage initiatique et une aventure de la vie \u00e0 d\u00e9couvrir dans ce : <a href=\"http:\/\/www.travelbyblades.com\/blog\/americano-joh\/\"><u>travel blog<\/u><\/a>.<br \/>\n<\/span><\/p>\n<p><span class=\"font-762333\">C&rsquo;est une fois arriv\u00e9 au Costa Rica qu&rsquo;un changement de moyen de transport a \u00e9t\u00e9 d\u00e9cid\u00e9. Ce premier voyage \u00e0 rollers consista \u00e0 traverser en partie le Costa Rica et le Panama sur plus de 500km avec une charrette. Elle avait m\u00eame un petit nom: Monkoa.<\/span><\/p>\n<\/div><div class=\"clear\"><\/div><\/div><\/div><\/div><\/div><\/div><\/div><\/div><\/div><\/div><div class=\"vc_row row-internal row-container\"><div class=\"row row-child\"><div class=\"wpb_row row-inner row-inner-force\"><div class=\"wpb_column pos-top pos-center align_center column_child col-lg-12 single-internal-gutter\"><div class=\"uncol style-light unexpand shift_y_neg_double\" ><div class=\"uncoltable\"><div class=\"uncell no-block-padding\" ><div class=\"uncont\"><div id=\"gallery-812994\" class=\"isotope-system isotope-general-light grid-general-light\">\n\t\t\t\t\n\t<div class=\"isotope-wrapper grid-wrapper half-gutter\">\n\t\t\t\t\t\t<div class=\"isotope-container isotope-layout style-masonry\" data-type=\"masonry\" data-layout=\"masonry\" data-lg=\"1000\" data-md=\"600\" data-sm=\"480\">\n<div class=\"tmb tmb-iso-w4 tmb-iso-h4 tmb-light tmb-overlay-text-anim tmb-overlay-anim tmb-overlay-middle tmb-overlay-text-center tmb-image-anim tmb-bordered tmb-id-74700554  tmb-img-ratio tmb-media-first tmb-media-last tmb-content-overlay tmb-no-bg tmb-lightbox\" ><div class=\"t-inside\" ><div class=\"t-entry-visual\"><div class=\"t-entry-visual-tc\"><div class=\"t-entry-visual-cont\"><div class=\"dummy\" style=\"padding-top: 133.5%;\"><\/div><a tabindex=\"-1\" href=\"https:\/\/www.inlinenomad.com\/wp-content\/uploads\/2018\/02\/americano1.jpg\" class=\"pushed\" data-active=\"1\" data-lbox=\"ilightbox_gallery-812994\" data-options=\"width:1255,height:941,thumbnail: 'https:\/\/www.inlinenomad.com\/wp-content\/uploads\/2018\/02\/americano1-300x225.jpg'\" data-lb-index=\"0\"><div class=\"t-entry-visual-overlay\"><div class=\"t-entry-visual-overlay-in style-dark-bg\" style=\"opacity: 0.5;\"><\/div><\/div><div class=\"t-overlay-wrap\"><div class=\"t-overlay-inner\">\n\t\t\t\t\t\t\t\t\t\t\t\t\t\t<div class=\"t-overlay-content\">\n\t\t\t\t\t\t\t\t\t\t\t\t\t\t\t<div class=\"t-overlay-text single-block-padding\"><div class=\"t-entry\"><i class=\"fa fa-plus2 t-overlay-icon\"><\/i><\/div><\/div><\/div><\/div><\/div><img decoding=\"async\" class=\"wp-image-74700554\" src=\"https:\/\/www.inlinenomad.com\/wp-content\/uploads\/2018\/02\/americano1-uai-705x941.jpg\" width=\"705\" height=\"941\" alt=\"\" \/><\/a><\/div>\n\t\t\t\t\t<\/div>\n\t\t\t\t<\/div><\/div><\/div><div class=\"tmb tmb-iso-w4 tmb-iso-h4 tmb-light tmb-overlay-text-anim tmb-overlay-anim tmb-overlay-middle tmb-overlay-text-center tmb-image-anim tmb-bordered tmb-id-74700555  tmb-img-ratio tmb-media-first tmb-media-last tmb-content-overlay tmb-no-bg tmb-lightbox\" ><div class=\"t-inside\" ><div class=\"t-entry-visual\"><div class=\"t-entry-visual-tc\"><div class=\"t-entry-visual-cont\"><div class=\"dummy\" style=\"padding-top: 133.3%;\"><\/div><a tabindex=\"-1\" href=\"https:\/\/www.inlinenomad.com\/wp-content\/uploads\/2018\/02\/americano2.jpg\" class=\"pushed\" data-active=\"1\" data-lbox=\"ilightbox_gallery-812994\" data-options=\"width:800,height:520,thumbnail: 'https:\/\/www.inlinenomad.com\/wp-content\/uploads\/2018\/02\/americano2-300x195.jpg'\" data-lb-index=\"1\"><div class=\"t-entry-visual-overlay\"><div class=\"t-entry-visual-overlay-in style-dark-bg\" style=\"opacity: 0.5;\"><\/div><\/div><div class=\"t-overlay-wrap\"><div class=\"t-overlay-inner\">\n\t\t\t\t\t\t\t\t\t\t\t\t\t\t<div class=\"t-overlay-content\">\n\t\t\t\t\t\t\t\t\t\t\t\t\t\t\t<div class=\"t-overlay-text single-block-padding\"><div class=\"t-entry\"><i class=\"fa fa-plus2 t-overlay-icon\"><\/i><\/div><\/div><\/div><\/div><\/div><img decoding=\"async\" class=\"wp-image-74700555\" src=\"https:\/\/www.inlinenomad.com\/wp-content\/uploads\/2018\/02\/americano2-uai-390x520.jpg\" width=\"390\" height=\"520\" alt=\"\" \/><\/a><\/div>\n\t\t\t\t\t<\/div>\n\t\t\t\t<\/div><\/div><\/div><div class=\"tmb tmb-iso-w4 tmb-iso-h4 tmb-light tmb-overlay-text-anim tmb-overlay-anim tmb-overlay-middle tmb-overlay-text-center tmb-image-anim tmb-bordered tmb-id-74700560  tmb-img-ratio tmb-media-first tmb-media-last tmb-content-overlay tmb-no-bg tmb-lightbox\" ><div class=\"t-inside\" ><div class=\"t-entry-visual\"><div class=\"t-entry-visual-tc\"><div class=\"t-entry-visual-cont\"><div class=\"dummy\" style=\"padding-top: 133.4%;\"><\/div><a tabindex=\"-1\" href=\"https:\/\/www.inlinenomad.com\/wp-content\/uploads\/2018\/02\/americano4.jpg\" class=\"pushed\" data-active=\"1\" data-lbox=\"ilightbox_gallery-812994\" data-options=\"width:1258,height:943,thumbnail: 'https:\/\/www.inlinenomad.com\/wp-content\/uploads\/2018\/02\/americano4-300x225.jpg'\" data-lb-index=\"2\"><div class=\"t-entry-visual-overlay\"><div class=\"t-entry-visual-overlay-in style-dark-bg\" style=\"opacity: 0.5;\"><\/div><\/div><div class=\"t-overlay-wrap\"><div class=\"t-overlay-inner\">\n\t\t\t\t\t\t\t\t\t\t\t\t\t\t<div class=\"t-overlay-content\">\n\t\t\t\t\t\t\t\t\t\t\t\t\t\t\t<div class=\"t-overlay-text single-block-padding\"><div class=\"t-entry\"><i class=\"fa fa-plus2 t-overlay-icon\"><\/i><\/div><\/div><\/div><\/div><\/div><img decoding=\"async\" class=\"wp-image-74700560\" src=\"https:\/\/www.inlinenomad.com\/wp-content\/uploads\/2018\/02\/americano4-uai-707x943.jpg\" width=\"707\" height=\"943\" alt=\"\" \/><\/a><\/div>\n\t\t\t\t\t<\/div>\n\t\t\t\t<\/div><\/div><\/div>\t\t\t\t\t\t<\/div>\n\t\t\t\t\t<\/div>\n\n\t\n\t\n<\/div>\n\n<\/div><\/div><\/div><\/div><\/div><\/div><\/div><\/div><div class=\"vc_row row-internal row-container\"><div class=\"row row-child\"><div class=\"wpb_row row-inner\"><div class=\"wpb_column pos-top pos-center align_left column_child col-lg-12 double-internal-gutter\"><div class=\"uncol style-light shift_y_neg_single\" ><div class=\"uncoltable\"><div class=\"uncell triple-block-padding\" ><div class=\"uncont\" style=\"max-width:90%;\"><div class=\"vc_custom_heading_wrap\"><div class=\"heading-text el-text\" ><\/p>\n<h2><span style=\"font-family: 'Playfair Display';\"><i>Travel video<\/i><\/span><\/h2>\n<p>&nbsp;<\/p>\n<p><span class=\"font-762333\">Cette vid\u00e9o est un extra-hyper-m\u00e9ga condens\u00e9 d&rsquo;un an et demi de voyage sur le continent am\u00e9ricain.<\/span><\/p>\n<\/div><div class=\"clear\"><\/div><\/div><div class=\"uncode-single-media  text-left\"><div class=\"single-wrapper\" style=\"max-width: 100%;\"><div class=\"tmb tmb-light  tmb-media-first tmb-media-last tmb-content-overlay tmb-no-bg\"><div class=\"t-inside\"><div class=\"t-entry-visual\"><div class=\"t-entry-visual-tc\"><div class=\"uncode-single-media-wrapper\"><div class=\"h3 fluid-object\" style=\"padding-top: 75%\"><iframe title=\"Canada to Panama Hitchhiking and Rollerblading\" width=\"840\" height=\"630\" src=\"https:\/\/www.youtube.com\/embed\/pYak3Eblc6I?feature=oembed&amp;v=pYak3Eblc6I\" frameborder=\"0\" allow=\"accelerometer; autoplay; clipboard-write; encrypted-media; gyroscope; picture-in-picture; web-share\" referrerpolicy=\"strict-origin-when-cross-origin\" allowfullscreen><\/iframe><\/div><\/div>\n\t\t\t\t\t<\/div>\n\t\t\t\t<\/div><\/div><\/div><\/div><\/div><\/div><\/div><\/div><\/div><\/div><\/div><\/div><\/div><div class=\"vc_row row-internal row-container\"><div class=\"row row-child\"><div class=\"wpb_row row-inner\"><div class=\"wpb_column pos-top pos-center align_left column_child col-lg-12 double-internal-gutter\"><div class=\"uncol style-light shift_y_neg_quad\" ><div class=\"uncoltable\"><div class=\"uncell triple-block-padding\" ><div class=\"uncont\" style=\"max-width:90%;\"><div class=\"vc_custom_heading_wrap\"><div class=\"heading-text el-text\" ><\/p>\n<h2><span class=\"font-202503\"><strong><em>A trailer ?<\/em><\/strong><\/span><\/h2>\n<p>&nbsp;<\/p>\n<p><span class=\"font-762333\">C&rsquo;est au Costa Rica que tout \u00e0 commenc\u00e9. En r\u00e9alit\u00e9 j&rsquo;en avais assez de faire de l&rsquo;autostop. Il me faillait trouver une autre fa\u00e7on de voyager. Ayant d\u00e9j\u00e0 parcouru de bonnes distances \u00e0 rollers avec un sac sur le dos, j&rsquo;ai \u00e9loign\u00e9 cette option, trop lourd. Mais alors comment&#8230; ?<\/span><\/p>\n<p><span class=\"font-762333\">Inspired by <em><u><a href=\"https:\/\/thelongestway.com\/\">a great traveler<\/a><\/u><\/em>\u00a0et avec l&rsquo;aide d&rsquo;un artisan et ami, <em><u><a href=\"http:\/\/www.soldaduracmh.com\/\">C\u00e9sar<\/a><\/u><\/em>, nous avons construit cette premi\u00e8re charrette de voyage \u00e0 rollers en tube d&rsquo;acier. Baptis\u00e9 Monkoa (\u00e7a doit vouloir dire \u00ab\u00a0vague bleu\u00a0\u00bb en Tongareva) elle \u00e9tait \u00e9quip\u00e9e de 3 roues de v\u00e9los et d&rsquo;un syst\u00e8me de freinage.<\/span><\/p>\n<\/div><div class=\"clear\"><\/div><\/div><\/div><\/div><\/div><\/div><\/div><\/div><\/div><\/div><div class=\"vc_row row-internal row-container\"><div class=\"row row-child\"><div class=\"wpb_row row-inner row-inner-force\"><div class=\"wpb_column pos-top pos-center align_center column_child col-lg-12 single-internal-gutter\"><div class=\"uncol style-light unexpand shift_y_neg_double\" ><div class=\"uncoltable\"><div class=\"uncell no-block-padding\" ><div class=\"uncont\"><div id=\"gallery-812994\" class=\"isotope-system isotope-general-light grid-general-light\">\n\t\t\t\t\n\t<div class=\"isotope-wrapper grid-wrapper half-gutter\">\n\t\t\t\t\t\t<div class=\"isotope-container isotope-layout style-masonry\" data-type=\"masonry\" data-layout=\"masonry\" data-lg=\"1000\" data-md=\"600\" data-sm=\"480\">\n<div class=\"tmb tmb-iso-w4 tmb-iso-h4 tmb-light tmb-overlay-text-anim tmb-overlay-anim tmb-overlay-middle tmb-overlay-text-center tmb-image-anim tmb-bordered tmb-id-74700565  tmb-img-ratio tmb-media-first tmb-media-last tmb-content-overlay tmb-no-bg tmb-lightbox\" ><div class=\"t-inside\" ><div class=\"t-entry-visual\"><div class=\"t-entry-visual-tc\"><div class=\"t-entry-visual-cont\"><div class=\"dummy\" style=\"padding-top: 133.4%;\"><\/div><a tabindex=\"-1\" href=\"https:\/\/www.inlinenomad.com\/wp-content\/uploads\/2018\/02\/americano6.jpg\" class=\"pushed\" data-active=\"1\" data-lbox=\"ilightbox_gallery-812994\" data-options=\"width:900,height:807,thumbnail: 'https:\/\/www.inlinenomad.com\/wp-content\/uploads\/2018\/02\/americano6-300x269.jpg'\" data-lb-index=\"0\"><div class=\"t-entry-visual-overlay\"><div class=\"t-entry-visual-overlay-in style-dark-bg\" style=\"opacity: 0.5;\"><\/div><\/div><div class=\"t-overlay-wrap\"><div class=\"t-overlay-inner\">\n\t\t\t\t\t\t\t\t\t\t\t\t\t\t<div class=\"t-overlay-content\">\n\t\t\t\t\t\t\t\t\t\t\t\t\t\t\t<div class=\"t-overlay-text single-block-padding\"><div class=\"t-entry\"><i class=\"fa fa-plus2 t-overlay-icon\"><\/i><\/div><\/div><\/div><\/div><\/div><img decoding=\"async\" class=\"wp-image-74700565\" src=\"https:\/\/www.inlinenomad.com\/wp-content\/uploads\/2018\/02\/americano6-uai-605x807.jpg\" width=\"605\" height=\"807\" alt=\"\" \/><\/a><\/div>\n\t\t\t\t\t<\/div>\n\t\t\t\t<\/div><\/div><\/div><div class=\"tmb tmb-iso-w4 tmb-iso-h4 tmb-light tmb-overlay-text-anim tmb-overlay-anim tmb-overlay-middle tmb-overlay-text-center tmb-image-anim tmb-bordered tmb-id-74700567  tmb-img-ratio tmb-media-first tmb-media-last tmb-content-overlay tmb-no-bg tmb-lightbox\" ><div class=\"t-inside\" ><div class=\"t-entry-visual\"><div class=\"t-entry-visual-tc\"><div class=\"t-entry-visual-cont\"><div class=\"dummy\" style=\"padding-top: 133.2%;\"><\/div><a tabindex=\"-1\" href=\"https:\/\/www.inlinenomad.com\/wp-content\/uploads\/2018\/02\/Misty-1-1.jpg\" class=\"pushed\" data-active=\"1\" data-lbox=\"ilightbox_gallery-812994\" data-options=\"width:650,height:920,thumbnail: 'https:\/\/www.inlinenomad.com\/wp-content\/uploads\/2018\/02\/Misty-1-1-212x300.jpg'\" data-lb-index=\"1\"><div class=\"t-entry-visual-overlay\"><div class=\"t-entry-visual-overlay-in style-dark-bg\" style=\"opacity: 0.5;\"><\/div><\/div><div class=\"t-overlay-wrap\"><div class=\"t-overlay-inner\">\n\t\t\t\t\t\t\t\t\t\t\t\t\t\t<div class=\"t-overlay-content\">\n\t\t\t\t\t\t\t\t\t\t\t\t\t\t\t<div class=\"t-overlay-text single-block-padding\"><div class=\"t-entry\"><i class=\"fa fa-plus2 t-overlay-icon\"><\/i><\/div><\/div><\/div><\/div><\/div><img decoding=\"async\" class=\"wp-image-74700567\" src=\"https:\/\/www.inlinenomad.com\/wp-content\/uploads\/2018\/02\/Misty-1-1-uai-650x866.jpg\" width=\"650\" height=\"866\" alt=\"\" \/><\/a><\/div>\n\t\t\t\t\t<\/div>\n\t\t\t\t<\/div><\/div><\/div><div class=\"tmb tmb-iso-w4 tmb-iso-h4 tmb-light tmb-overlay-text-anim tmb-overlay-anim tmb-overlay-middle tmb-overlay-text-center tmb-image-anim tmb-bordered tmb-id-74700564  tmb-img-ratio tmb-media-first tmb-media-last tmb-content-overlay tmb-no-bg tmb-lightbox\" ><div class=\"t-inside\" ><div class=\"t-entry-visual\"><div class=\"t-entry-visual-tc\"><div class=\"t-entry-visual-cont\"><div class=\"dummy\" style=\"padding-top: 133.4%;\"><\/div><a tabindex=\"-1\" href=\"https:\/\/www.inlinenomad.com\/wp-content\/uploads\/2018\/02\/americano5.jpg\" class=\"pushed\" data-active=\"1\" data-lbox=\"ilightbox_gallery-812994\" data-options=\"width:1253,height:938,thumbnail: 'https:\/\/www.inlinenomad.com\/wp-content\/uploads\/2018\/02\/americano5-300x225.jpg'\" data-lb-index=\"2\"><div class=\"t-entry-visual-overlay\"><div class=\"t-entry-visual-overlay-in style-dark-bg\" style=\"opacity: 0.5;\"><\/div><\/div><div class=\"t-overlay-wrap\"><div class=\"t-overlay-inner\">\n\t\t\t\t\t\t\t\t\t\t\t\t\t\t<div class=\"t-overlay-content\">\n\t\t\t\t\t\t\t\t\t\t\t\t\t\t\t<div class=\"t-overlay-text single-block-padding\"><div class=\"t-entry\"><i class=\"fa fa-plus2 t-overlay-icon\"><\/i><\/div><\/div><\/div><\/div><\/div><img decoding=\"async\" class=\"wp-image-74700564\" src=\"https:\/\/www.inlinenomad.com\/wp-content\/uploads\/2018\/02\/americano5-uai-703x938.jpg\" width=\"703\" height=\"938\" alt=\"\" \/><\/a><\/div>\n\t\t\t\t\t<\/div>\n\t\t\t\t<\/div><\/div><\/div>\t\t\t\t\t\t<\/div>\n\t\t\t\t\t<\/div>\n\n\t\n\t\n<\/div>\n\n<\/div><\/div><\/div><\/div><\/div><\/div><\/div><\/div><div class=\"vc_row row-internal row-container\"><div class=\"row row-child\"><div class=\"wpb_row row-inner\"><div class=\"wpb_column pos-top pos-center align_left column_child col-lg-12 double-internal-gutter\"><div class=\"uncol style-light shift_y_neg_double\" ><div class=\"uncoltable\"><div class=\"uncell triple-block-padding\" ><div class=\"uncont\" style=\"max-width:90%;\"><div class=\"vc_custom_heading_wrap\"><div class=\"heading-text el-text\" ><\/p>\n<h2><span style=\"font-family: 'Playfair Display';\"><i>The road<\/i><\/span><\/h2>\n<p>&nbsp;<\/p>\n<p><span class=\"font-762333\">This card only takes into account the hitchhiking trip. The distance traveled by rollerblading is around 500 km between Costa Rica and Panama.<\/span><\/p>\n<\/div><div class=\"clear\"><\/div><\/div><div class=\"uncode-single-media  text-left\"><div class=\"single-wrapper\" style=\"max-width: 100%;\"><div class=\"tmb tmb-light  tmb-media-first tmb-media-last tmb-content-overlay tmb-no-bg\"><div class=\"t-inside\"><div class=\"t-entry-visual\"><div class=\"t-entry-visual-tc\"><div class=\"uncode-single-media-wrapper\"><img decoding=\"async\" class=\"wp-image-74700573\" src=\"https:\/\/www.inlinenomad.com\/wp-content\/uploads\/2018\/02\/americas-1.jpg\" width=\"800\" height=\"574\" alt=\"\" srcset=\"https:\/\/www.inlinenomad.com\/wp-content\/uploads\/2018\/02\/americas-1.jpg 800w, https:\/\/www.inlinenomad.com\/wp-content\/uploads\/2018\/02\/americas-1-300x215.jpg 300w, https:\/\/www.inlinenomad.com\/wp-content\/uploads\/2018\/02\/americas-1-768x551.jpg 768w\" sizes=\"(max-width: 800px) 100vw, 800px\" \/><\/div>\n\t\t\t\t\t<\/div>\n\t\t\t\t<\/div><\/div><\/div><\/div><\/div><\/div><\/div><\/div><\/div><\/div><\/div><\/div><\/div><div class=\"vc_row row-internal row-container\"><div class=\"row row-child\"><div class=\"wpb_row shift_y_neg_double row-inner\"><div class=\"wpb_column pos-top pos-center align_left column_child col-lg-12 single-internal-gutter\"><div class=\"uncol style-light shift_y_neg_double shift_x_fixed\" ><div class=\"uncoltable\"><div class=\"uncell triple-block-padding\" ><div class=\"uncont\" style=\"max-width:90%;\"><div class=\"vc_custom_heading_wrap\"><div class=\"heading-text el-text\" ><\/p>\n<h2><span class=\"font-202503\"><strong><em>The blog<\/em><\/strong><\/span><\/h2>\n<p>&nbsp;<\/p>\n<p><span class=\"font-762333\">Un carnet de voyage \u00e0 \u00e9t\u00e9 tenu assez r\u00e9guli\u00e8rement au fur et \u00e0 mesure du voyage. Vous y trouverez anecdotes, r\u00e9flexions, astuces et bien d&rsquo;autre choses encore, \u00e7a pourrait inspirer&#8230;<br \/>\n<\/span><\/p>\n<\/div><div class=\"clear\"><\/div><\/div><\/div><\/div><\/div><\/div><\/div><\/div><\/div><\/div><div class=\"vc_row row-internal row-container\"><div class=\"row row-child\"><div class=\"wpb_row row-inner\"><div class=\"wpb_column pos-top pos-center align_center column_child col-lg-12 single-internal-gutter\"><div class=\"uncol style-light shift_y_neg_quad\" ><div class=\"uncoltable\"><div class=\"uncell no-block-padding\" ><div class=\"uncont\"><span class=\"btn-container\" ><a href=\"http:\/\/www.travelbyblades.com\/blog\/americano-joh\/\" class=\"custom-link btn btn-lg btn-default btn-round btn-icon-left\">Travel blog<\/a><\/span><\/div><\/div><\/div><\/div><\/div><\/div><\/div><\/div><\/div><\/div><\/div><\/div><\/div><script id=\"script-row-unique-0\" data-row=\"script-row-unique-0\" type=\"text\/javascript\" class=\"vc_controls\">UNCODE.initRow(document.getElementById(\"row-unique-0\"));<\/script><\/div><\/div><\/div>","protected":false},"excerpt":{"rendered":"AmericanoUn grand voyage &nbsp; Au d\u00e9part, Americano, c'est un grand voyage en autostop sur 15 000 km \u00e0 travers l'Am\u00e9rique [...]","protected":false},"author":1,"featured_media":0,"parent":36601,"menu_order":0,"comment_status":"open","ping_status":"closed","template":"","meta":{"footnotes":""},"class_list":["post-74700535","page","type-page","status-publish","hentry"],"_links":{"self":[{"href":"https:\/\/www.inlinenomad.com\/en\/wp-json\/wp\/v2\/pages\/74700535"}],"collection":[{"href":"https:\/\/www.inlinenomad.com\/en\/wp-json\/wp\/v2\/pages"}],"about":[{"href":"https:\/\/www.inlinenomad.com\/en\/wp-json\/wp\/v2\/types\/page"}],"author":[{"embeddable":true,"href":"https:\/\/www.inlinenomad.com\/en\/wp-json\/wp\/v2\/users\/1"}],"replies":[{"embeddable":true,"href":"https:\/\/www.inlinenomad.com\/en\/wp-json\/wp\/v2\/comments?post=74700535"}],"version-history":[{"count":38,"href":"https:\/\/www.inlinenomad.com\/en\/wp-json\/wp\/v2\/pages\/74700535\/revisions"}],"predecessor-version":[{"id":74701383,"href":"https:\/\/www.inlinenomad.com\/en\/wp-json\/wp\/v2\/pages\/74700535\/revisions\/74701383"}],"up":[{"embeddable":true,"href":"https:\/\/www.inlinenomad.com\/en\/wp-json\/wp\/v2\/pages\/36601"}],"wp:attachment":[{"href":"https:\/\/www.inlinenomad.com\/en\/wp-json\/wp\/v2\/media?parent=74700535"}],"curies":[{"name":"wp","href":"https:\/\/api.w.org\/{rel}","templated":true}]}}