{"id":74701267,"date":"2018-03-06T12:46:56","date_gmt":"2018-03-06T11:46:56","guid":{"rendered":"http:\/\/www.travelbyblades.com\/?page_id=74701267"},"modified":"2019-03-04T20:04:13","modified_gmt":"2019-03-04T19:04:13","slug":"voyages-precedents","status":"publish","type":"page","link":"https:\/\/www.inlinenomad.com\/en\/pages\/voyages-precedents\/","title":{"rendered":"Voyages Pr\u00e9c\u00e9dents"},"content":{"rendered":"<div data-parent=\"true\" class=\"vc_row row-container\" id=\"row-unique-0\"><div class=\"row-background background-element\" style=\"opacity: 1;\">\n\t\t\t\t\t\t\t\t\t\t\t<div class=\"background-wrapper\">\n\t\t\t\t\t\t\t\t\t\t\t\t<div class=\"background-inner\"><\/div>\n\t\t\t\t\t\t\t\t\t\t\t\t<div class=\"block-bg-overlay style-color-xsdn-bg\" style=\"opacity: 0.9;\"><\/div>\n\t\t\t\t\t\t\t\t\t\t\t<\/div>\n\t\t\t\t\t\t\t\t\t\t<\/div><div class=\"row double-top-padding double-bottom-padding single-h-padding limit-width row-parent\"><div class=\"wpb_row row-inner\"><div class=\"wpb_column pos-middle pos-center align_center column_parent col-lg-12 single-internal-gutter\"><div class=\"uncol style-light\"  ><div class=\"uncoltable\"><div class=\"uncell\" ><div class=\"uncont no-block-padding col-custom-width\" style=\"max-width:60%;\"><div class=\"vc_custom_heading_wrap\"><div class=\"heading-text el-text\" ><h1 class=\"font-166710 fontsize-155944 font-weight-300\" ><span>Beginings<\/span><\/h1><hr class=\"separator-break separator-accent\" \/><\/div><div class=\"clear\"><\/div><\/div><div class=\"vc_custom_heading_wrap\"><div class=\"heading-text el-text\" ><h4 class=\"h4 fontheight-524109 font-weight-300\" ><span>Alors qu&rsquo;on entend souvent parler de voyage \u00e0 v\u00e9lo dans tous les sens ces derni\u00e8res ann\u00e9es, les voyages \u00e0 rollers restent pour le moins discrets. Pourtant, ces deux l\u00e0 ne sont qu&rsquo;a rajouter \u00e0 une liste d\u00e9j\u00e0 bien longue !<\/span><\/h4><\/div><div class=\"clear\"><\/div><\/div><\/div><\/div><\/div><\/div><\/div><script id=\"script-row-unique-0\" data-row=\"script-row-unique-0\" type=\"text\/javascript\" class=\"vc_controls\">UNCODE.initRow(document.getElementById(\"row-unique-0\"));<\/script><\/div><\/div><\/div><div data-parent=\"true\" class=\"vc_row row-container\" id=\"row-unique-2\"><div class=\"row-background background-element\">\n\t\t\t\t\t\t\t\t\t\t\t<div class=\"background-wrapper\">\n\t\t\t\t\t\t\t\t\t\t\t\t<div class=\"background-inner\" style=\"background-image: url(https:\/\/www.inlinenomad.com\/wp-content\/uploads\/2018\/02\/road-asphalt-space-sky-56832.jpeg);background-repeat: no-repeat;background-position: center center;background-attachment: scroll;background-size: cover;\"><\/div>\n\t\t\t\t\t\t\t\t\t\t\t\t<div class=\"block-bg-overlay style-color-nhtu-bg\" style=\"opacity: 0.65;\"><\/div>\n\t\t\t\t\t\t\t\t\t\t\t<\/div>\n\t\t\t\t\t\t\t\t\t\t<\/div><div class=\"row unequal double-top-padding no-bottom-padding one-h-padding limit-width row-parent\"><div class=\"wpb_row row-inner\"><div class=\"wpb_column pos-middle pos-center align_center column_parent col-lg-12 no-internal-gutter\"><div class=\"uncol style-light unexpand\"  ><div class=\"uncoltable\"><div class=\"uncell no-block-padding\" ><div class=\"uncont\"><div class=\"vc_custom_heading_wrap\"><div class=\"heading-text el-text\" ><h1 class=\"font-166710 fontsize-155944 font-weight-400 text-color-xsdn-color\" ><span>Previous adventures<\/span><\/h1><hr class=\"separator-break separator-accent\" \/><\/div><div class=\"clear\"><\/div><\/div><div class=\"vc_row row-internal row-container\"><div class=\"row unequal col-double-gutter row-child\" data-height=\"100\"><div class=\"wpb_row row-inner row-inner-force\"><div class=\"wpb_column pos-middle pos-center align_center column_child col-lg-6 half-internal-gutter\"><div class=\"uncol style-dark\" ><div class=\"uncoltable\"><div class=\"uncell double-block-padding\" ><div class=\"uncont\"><div class=\"uncode-single-media  text-center\"><div class=\"single-wrapper\" style=\"max-width: 100%;\"><div class=\"tmb tmb-light  tmb-media-first tmb-media-last tmb-content-overlay tmb-no-bg\"><div class=\"t-inside\"><div class=\"t-entry-visual\"><div class=\"t-entry-visual-tc\"><div class=\"uncode-single-media-wrapper\"><img decoding=\"async\" class=\"wp-image-74700909\" src=\"https:\/\/www.inlinenomad.com\/wp-content\/uploads\/2018\/02\/20160727-7262-2.jpg\" width=\"600\" height=\"464\" alt=\"\" srcset=\"https:\/\/www.inlinenomad.com\/wp-content\/uploads\/2018\/02\/20160727-7262-2.jpg 600w, https:\/\/www.inlinenomad.com\/wp-content\/uploads\/2018\/02\/20160727-7262-2-300x232.jpg 300w\" sizes=\"(max-width: 600px) 100vw, 600px\" \/><\/div>\n\t\t\t\t\t<\/div>\n\t\t\t\t<\/div><\/div><\/div><\/div><\/div><div class=\"empty-space empty-half\" ><span class=\"empty-space-inner\"><\/span><\/div>\n<div class=\"vc_custom_heading_wrap\"><div class=\"heading-text el-text\" ><h1 class=\"font-166710 h2 font-weight-300\" ><span>Spanish Trip<\/span><\/h1><\/div><div class=\"clear\"><\/div><\/div><div class=\"vc_custom_heading_wrap\"><div class=\"heading-text el-text\" ><h4 class=\"font-202503 h4 fontheight-524109 font-weight-200 text-color-lxmt-color\" ><span><span class=\"font-850707\">2016, crossing Spain by rollerblades with Gaia the dove.\u00a0<\/span><\/span><\/h4><\/div><div class=\"clear\"><\/div><\/div><div class=\"empty-space empty-half\" ><span class=\"empty-space-inner\"><\/span><\/div>\n<span class=\"btn-container\" ><a href=\"http:\/\/www.travelbyblades.com\/pages\/the-spanish-trip\/\" class=\"custom-link btn btn-default btn-round btn-icon-left\">Learn more<\/a><\/span><\/div><\/div><\/div><\/div><\/div><div class=\"wpb_column pos-middle pos-center align_center column_child col-lg-6 half-internal-gutter\"><div class=\"uncol style-dark\" ><div class=\"uncoltable\"><div class=\"uncell double-block-padding\" ><div class=\"uncont\"><div class=\"uncode-single-media  text-center\"><div class=\"single-wrapper\" style=\"max-width: 100%;\"><div class=\"tmb tmb-light  tmb-media-first tmb-media-last tmb-content-overlay tmb-no-bg\"><div class=\"t-inside\"><div class=\"t-entry-visual\"><div class=\"t-entry-visual-tc\"><div class=\"uncode-single-media-wrapper\"><img decoding=\"async\" class=\"wp-image-74700910\" src=\"https:\/\/www.inlinenomad.com\/wp-content\/uploads\/2018\/02\/americano-7.jpg\" width=\"600\" height=\"464\" alt=\"\" srcset=\"https:\/\/www.inlinenomad.com\/wp-content\/uploads\/2018\/02\/americano-7.jpg 600w, https:\/\/www.inlinenomad.com\/wp-content\/uploads\/2018\/02\/americano-7-300x232.jpg 300w\" sizes=\"(max-width: 600px) 100vw, 600px\" \/><\/div>\n\t\t\t\t\t<\/div>\n\t\t\t\t<\/div><\/div><\/div><\/div><\/div><div class=\"empty-space empty-half\" ><span class=\"empty-space-inner\"><\/span><\/div>\n<div class=\"vc_custom_heading_wrap\"><div class=\"heading-text el-text\" ><h1 class=\"font-166710 h2 font-weight-300\" ><span>Americano<\/span><\/h1><\/div><div class=\"clear\"><\/div><\/div><div class=\"vc_custom_heading_wrap\"><div class=\"heading-text el-text\" ><h4 class=\"font-202503 h4 fontheight-524109 font-weight-200 text-color-lxmt-color\" ><span><span class=\"font-850707\">2012, Costa Rica and Panama with the first roller skate trailer.<\/span><\/span><\/h4><\/div><div class=\"clear\"><\/div><\/div><div class=\"empty-space empty-half\" ><span class=\"empty-space-inner\"><\/span><\/div>\n<span class=\"btn-container\" ><a href=\"http:\/\/www.travelbyblades.com\/pages\/americano\/\" class=\"custom-link btn btn-default btn-round btn-icon-left\">Learn more<\/a><\/span><\/div><\/div><\/div><\/div><\/div><\/div><\/div><\/div><\/div><\/div><\/div><\/div><\/div><script id=\"script-row-unique-2\" data-row=\"script-row-unique-2\" type=\"text\/javascript\" class=\"vc_controls\">UNCODE.initRow(document.getElementById(\"row-unique-2\"));<\/script><\/div><\/div><\/div>","protected":false},"excerpt":{"rendered":"Les d\u00e9butsAlors qu'on entend souvent parler de voyage \u00e0 v\u00e9lo dans tous les sens ces derni\u00e8res ann\u00e9es, les voyages \u00e0 [...]","protected":false},"author":1,"featured_media":0,"parent":36601,"menu_order":0,"comment_status":"open","ping_status":"closed","template":"","meta":{"footnotes":""},"class_list":["post-74701267","page","type-page","status-publish","hentry"],"_links":{"self":[{"href":"https:\/\/www.inlinenomad.com\/en\/wp-json\/wp\/v2\/pages\/74701267"}],"collection":[{"href":"https:\/\/www.inlinenomad.com\/en\/wp-json\/wp\/v2\/pages"}],"about":[{"href":"https:\/\/www.inlinenomad.com\/en\/wp-json\/wp\/v2\/types\/page"}],"author":[{"embeddable":true,"href":"https:\/\/www.inlinenomad.com\/en\/wp-json\/wp\/v2\/users\/1"}],"replies":[{"embeddable":true,"href":"https:\/\/www.inlinenomad.com\/en\/wp-json\/wp\/v2\/comments?post=74701267"}],"version-history":[{"count":16,"href":"https:\/\/www.inlinenomad.com\/en\/wp-json\/wp\/v2\/pages\/74701267\/revisions"}],"predecessor-version":[{"id":74703697,"href":"https:\/\/www.inlinenomad.com\/en\/wp-json\/wp\/v2\/pages\/74701267\/revisions\/74703697"}],"up":[{"embeddable":true,"href":"https:\/\/www.inlinenomad.com\/en\/wp-json\/wp\/v2\/pages\/36601"}],"wp:attachment":[{"href":"https:\/\/www.inlinenomad.com\/en\/wp-json\/wp\/v2\/media?parent=74701267"}],"curies":[{"name":"wp","href":"https:\/\/api.w.org\/{rel}","templated":true}]}}