{"id":74701427,"date":"2018-03-15T13:26:06","date_gmt":"2018-03-15T12:26:06","guid":{"rendered":"http:\/\/www.travelbyblades.com\/?page_id=74701427"},"modified":"2019-01-11T11:37:49","modified_gmt":"2019-01-11T10:37:49","slug":"travel-by-blades","status":"publish","type":"page","link":"https:\/\/www.inlinenomad.com\/en\/blog\/travel-by-blades\/","title":{"rendered":"Blog &#8211; Rollerblade travels | Voyage \u00e0 roller"},"content":{"rendered":"<div data-parent=\"true\" class=\"vc_row row-container onepage-section\" data-label=\"blog\" data-name=\"blog\" id=\"row-unique-0\"><div class=\"row no-top-padding no-bottom-padding no-h-padding full-width row-parent\"><div class=\"wpb_row row-inner\"><div class=\"wpb_column pos-top pos-center align_left column_parent col-lg-12 single-internal-gutter\"><div class=\"uncol style-light font-134980\"  ><div class=\"uncoltable\"><div class=\"uncell no-block-padding\" ><div class=\"uncont\"><div id=\"index-1\" class=\"isotope-system isotope-general-light grid-general-light\" >\n\t\t\t\n\t\t\t\t\t\t<div class=\"isotope-wrapper grid-wrapper no-gutter\">\t\t\t\t\t\t<div class=\"isotope-container grid-container isotope-layout style-metro isotope-pagination grid-pagination\" data-type=\"metro\" data-layout=\"masonry\" data-lg=\"960\" data-md=\"770\" data-sm=\"640\" data-vp-height=\"\">\t\t\t<div class=\"tmb atc-typography-inherit tmb-iso-w3 tmb-iso-h3 tmb-light tmb-overlay-gradient-bottom tmb-text-showed tmb-overlay-showed tmb-overlay-anim tmb-overlay-text-reduced tmb-overlay-left tmb-overlay-bottom tmb-overlay-text-left tmb-text-space-reduced tmb-image-anim  grid-cat-132 tmb-id-74703596 tmb-media-first tmb-media-last tmb-content-overlay tmb-no-bg\" ><div class=\"t-inside animate_when_almost_visible bottom-t-top\" data-delay=\"200\"><div class=\"t-entry-visual\"><div class=\"t-entry-visual-tc\"><div class=\"t-entry-visual-cont\"><a tabindex=\"-1\" href=\"https:\/\/www.inlinenomad.com\/en\/2019\/01\/11\/sahara\/\" target=\"_self\" data-lb-index=\"0\"><div class=\"t-entry-visual-overlay\"><div class=\"t-entry-visual-overlay-in style-color-wayh-bg\" style=\"opacity: 1;\"><\/div><\/div><div class=\"t-overlay-wrap\"><div class=\"t-overlay-inner\">\n\t\t\t\t\t\t\t\t\t\t\t\t\t\t<div class=\"t-overlay-content\">\n\t\t\t\t\t\t\t\t\t\t\t\t\t\t\t<div class=\"t-overlay-text single-block-padding\"><div class=\"t-entry\"><p class=\"t-entry-meta\"><span class=\"t-entry-category\"><span class=\"t-entry-cat-single\"><span class=\"\">Morocco<\/span><\/span><\/span><\/p><h3 class=\"t-entry-title font-762333 h5 font-weight-700 fontspace-781688 title-scale\">Sahara<\/h3><\/div><\/div><\/div><\/div><\/div><div class=\"t-background-cover\" style=\"background-image:url('https:\/\/www.inlinenomad.com\/wp-content\/uploads\/2019\/01\/IMG_1542-uai-750x750.jpg')\"><\/div><\/a><\/div>\n\t\t\t\t\t<\/div>\n\t\t\t\t<\/div><\/div><\/div><div class=\"tmb atc-typography-inherit tmb-iso-w3 tmb-iso-h3 tmb-light tmb-overlay-gradient-bottom tmb-text-showed tmb-overlay-showed tmb-overlay-anim tmb-overlay-text-reduced tmb-overlay-left tmb-overlay-bottom tmb-overlay-text-left tmb-text-space-reduced tmb-image-anim  grid-cat-132 tmb-id-74703419 tmb-media-first tmb-media-last tmb-content-overlay tmb-no-bg\" ><div class=\"t-inside animate_when_almost_visible bottom-t-top\" data-delay=\"200\"><div class=\"t-entry-visual\"><div class=\"t-entry-visual-tc\"><div class=\"t-entry-visual-cont\"><a tabindex=\"-1\" href=\"https:\/\/www.inlinenomad.com\/en\/2018\/12\/06\/la-porte-du-desert\/\" target=\"_self\" data-lb-index=\"1\"><div class=\"t-entry-visual-overlay\"><div class=\"t-entry-visual-overlay-in style-color-wayh-bg\" style=\"opacity: 1;\"><\/div><\/div><div class=\"t-overlay-wrap\"><div class=\"t-overlay-inner\">\n\t\t\t\t\t\t\t\t\t\t\t\t\t\t<div class=\"t-overlay-content\">\n\t\t\t\t\t\t\t\t\t\t\t\t\t\t\t<div class=\"t-overlay-text single-block-padding\"><div class=\"t-entry\"><p class=\"t-entry-meta\"><span class=\"t-entry-category\"><span class=\"t-entry-cat-single\"><span class=\"\">Morocco<\/span><\/span><\/span><\/p><h3 class=\"t-entry-title font-762333 h5 font-weight-700 fontspace-781688 title-scale\">The door of the desert<\/h3><\/div><\/div><\/div><\/div><\/div><div class=\"t-background-cover\" style=\"background-image:url('https:\/\/www.inlinenomad.com\/wp-content\/uploads\/2018\/12\/IMG_20181203_1821086-uai-450x450.jpg')\"><\/div><\/a><\/div>\n\t\t\t\t\t<\/div>\n\t\t\t\t<\/div><\/div><\/div><div class=\"tmb atc-typography-inherit tmb-iso-w3 tmb-iso-h3 tmb-light tmb-overlay-gradient-bottom tmb-text-showed tmb-overlay-showed tmb-overlay-anim tmb-overlay-text-reduced tmb-overlay-left tmb-overlay-bottom tmb-overlay-text-left tmb-text-space-reduced tmb-image-anim  grid-cat-132 tmb-id-74703311 tmb-media-first tmb-media-last tmb-content-overlay tmb-no-bg\" ><div class=\"t-inside animate_when_almost_visible bottom-t-top\" data-delay=\"200\"><div class=\"t-entry-visual\"><div class=\"t-entry-visual-tc\"><div class=\"t-entry-visual-cont\"><a tabindex=\"-1\" href=\"https:\/\/www.inlinenomad.com\/en\/2018\/10\/23\/adoptez-moi\/\" target=\"_self\" data-lb-index=\"2\"><div class=\"t-entry-visual-overlay\"><div class=\"t-entry-visual-overlay-in style-color-wayh-bg\" style=\"opacity: 1;\"><\/div><\/div><div class=\"t-overlay-wrap\"><div class=\"t-overlay-inner\">\n\t\t\t\t\t\t\t\t\t\t\t\t\t\t<div class=\"t-overlay-content\">\n\t\t\t\t\t\t\t\t\t\t\t\t\t\t\t<div class=\"t-overlay-text single-block-padding\"><div class=\"t-entry\"><p class=\"t-entry-meta\"><span class=\"t-entry-category\"><span class=\"t-entry-cat-single\"><span class=\"\">Morocco<\/span><\/span><\/span><\/p><h3 class=\"t-entry-title font-762333 h5 font-weight-700 fontspace-781688 title-scale\">Adopt me<\/h3><\/div><\/div><\/div><\/div><\/div><div class=\"t-background-cover\" style=\"background-image:url('https:\/\/www.inlinenomad.com\/wp-content\/uploads\/2018\/10\/LRM_EXPORT_7560383342947_20181018_152424404-uai-1069x1069.jpg')\"><\/div><\/a><\/div>\n\t\t\t\t\t<\/div>\n\t\t\t\t<\/div><\/div><\/div><div class=\"tmb atc-typography-inherit tmb-iso-w3 tmb-iso-h3 tmb-light tmb-overlay-gradient-bottom tmb-text-showed tmb-overlay-showed tmb-overlay-anim tmb-overlay-text-reduced tmb-overlay-left tmb-overlay-bottom tmb-overlay-text-left tmb-text-space-reduced tmb-image-anim  grid-cat-132 tmb-id-74703248 tmb-media-first tmb-media-last tmb-content-overlay tmb-no-bg\" ><div class=\"t-inside animate_when_almost_visible bottom-t-top\" data-delay=\"200\"><div class=\"t-entry-visual\"><div class=\"t-entry-visual-tc\"><div class=\"t-entry-visual-cont\"><a tabindex=\"-1\" href=\"https:\/\/www.inlinenomad.com\/en\/2018\/10\/10\/vilain-pretre\/\" target=\"_self\" data-lb-index=\"3\"><div class=\"t-entry-visual-overlay\"><div class=\"t-entry-visual-overlay-in style-color-wayh-bg\" style=\"opacity: 1;\"><\/div><\/div><div class=\"t-overlay-wrap\"><div class=\"t-overlay-inner\">\n\t\t\t\t\t\t\t\t\t\t\t\t\t\t<div class=\"t-overlay-content\">\n\t\t\t\t\t\t\t\t\t\t\t\t\t\t\t<div class=\"t-overlay-text single-block-padding\"><div class=\"t-entry\"><p class=\"t-entry-meta\"><span class=\"t-entry-category\"><span class=\"t-entry-cat-single\"><span class=\"\">Morocco<\/span><\/span><\/span><\/p><h3 class=\"t-entry-title font-762333 h5 font-weight-700 fontspace-781688 title-scale\">Naughty priest<\/h3><\/div><\/div><\/div><\/div><\/div><div class=\"t-background-cover\" style=\"background-image:url('https:\/\/www.inlinenomad.com\/wp-content\/uploads\/2018\/09\/heaven-closed-uai-335x335.jpg')\"><\/div><\/a><\/div>\n\t\t\t\t\t<\/div>\n\t\t\t\t<\/div><\/div><\/div><div class=\"tmb atc-typography-inherit tmb-iso-w3 tmb-iso-h3 tmb-light tmb-overlay-gradient-bottom tmb-text-showed tmb-overlay-showed tmb-overlay-anim tmb-overlay-text-reduced tmb-overlay-left tmb-overlay-bottom tmb-overlay-text-left tmb-text-space-reduced tmb-image-anim  grid-cat-132 tmb-id-74703250 tmb-media-first tmb-media-last tmb-content-overlay tmb-no-bg\" ><div class=\"t-inside animate_when_almost_visible bottom-t-top\" data-delay=\"200\"><div class=\"t-entry-visual\"><div class=\"t-entry-visual-tc\"><div class=\"t-entry-visual-cont\"><a tabindex=\"-1\" href=\"https:\/\/www.inlinenomad.com\/en\/2018\/09\/30\/la-peur\/\" target=\"_self\" data-lb-index=\"4\"><div class=\"t-entry-visual-overlay\"><div class=\"t-entry-visual-overlay-in style-color-wayh-bg\" style=\"opacity: 1;\"><\/div><\/div><div class=\"t-overlay-wrap\"><div class=\"t-overlay-inner\">\n\t\t\t\t\t\t\t\t\t\t\t\t\t\t<div class=\"t-overlay-content\">\n\t\t\t\t\t\t\t\t\t\t\t\t\t\t\t<div class=\"t-overlay-text single-block-padding\"><div class=\"t-entry\"><p class=\"t-entry-meta\"><span class=\"t-entry-category\"><span class=\"t-entry-cat-single\"><span class=\"\">Morocco<\/span><\/span><\/span><\/p><h3 class=\"t-entry-title font-762333 h5 font-weight-700 fontspace-781688 title-scale\">Fear<\/h3><\/div><\/div><\/div><\/div><\/div><div class=\"t-background-cover\" style=\"background-image:url('https:\/\/www.inlinenomad.com\/wp-content\/uploads\/2018\/09\/pexels-photo-695644-uai-350x350.jpeg')\"><\/div><\/a><\/div>\n\t\t\t\t\t<\/div>\n\t\t\t\t<\/div><\/div><\/div><div class=\"tmb atc-typography-inherit tmb-iso-w3 tmb-iso-h3 tmb-light tmb-overlay-gradient-bottom tmb-text-showed tmb-overlay-showed tmb-overlay-anim tmb-overlay-text-reduced tmb-overlay-left tmb-overlay-bottom tmb-overlay-text-left tmb-text-space-reduced tmb-image-anim  grid-cat-106 grid-cat-132 tmb-id-74703234 tmb-media-first tmb-media-last tmb-content-overlay tmb-no-bg\" ><div class=\"t-inside animate_when_almost_visible bottom-t-top\" data-delay=\"200\"><div class=\"t-entry-visual\"><div class=\"t-entry-visual-tc\"><div class=\"t-entry-visual-cont\"><a tabindex=\"-1\" href=\"https:\/\/www.inlinenomad.com\/en\/2018\/09\/26\/tarifpa\/\" target=\"_self\" data-lb-index=\"5\"><div class=\"t-entry-visual-overlay\"><div class=\"t-entry-visual-overlay-in style-color-wayh-bg\" style=\"opacity: 1;\"><\/div><\/div><div class=\"t-overlay-wrap\"><div class=\"t-overlay-inner\">\n\t\t\t\t\t\t\t\t\t\t\t\t\t\t<div class=\"t-overlay-content\">\n\t\t\t\t\t\t\t\t\t\t\t\t\t\t\t<div class=\"t-overlay-text single-block-padding\"><div class=\"t-entry\"><p class=\"t-entry-meta\"><span class=\"t-entry-category\"><span class=\"t-entry-cat-single\"><span>Spain<\/span><\/span><span class=\"cat-comma\">,<\/span><\/span><span class=\"t-entry-category\"><span class=\"t-entry-cat-single\"><span class=\"\">Morocco<\/span><\/span><\/span><\/p><h3 class=\"t-entry-title font-762333 h5 font-weight-700 fontspace-781688 title-scale\">Can't do it?<\/h3><\/div><\/div><\/div><\/div><\/div><div class=\"t-background-cover\" style=\"background-image:url('https:\/\/www.inlinenomad.com\/wp-content\/uploads\/2018\/09\/LRM_EXPORT_32347789098596_20180927_143018191-1536x864-uai-864x864.jpeg')\"><\/div><\/a><\/div>\n\t\t\t\t\t<\/div>\n\t\t\t\t<\/div><\/div><\/div><div class=\"tmb atc-typography-inherit tmb-iso-w3 tmb-iso-h3 tmb-light tmb-overlay-gradient-bottom tmb-text-showed tmb-overlay-showed tmb-overlay-anim tmb-overlay-text-reduced tmb-overlay-left tmb-overlay-bottom tmb-overlay-text-left tmb-text-space-reduced tmb-image-anim  grid-cat-106 tmb-id-74703224 tmb-media-first tmb-media-last tmb-content-overlay tmb-no-bg\" ><div class=\"t-inside animate_when_almost_visible bottom-t-top\" data-delay=\"200\"><div class=\"t-entry-visual\"><div class=\"t-entry-visual-tc\"><div class=\"t-entry-visual-cont\"><a tabindex=\"-1\" href=\"https:\/\/www.inlinenomad.com\/en\/2018\/09\/08\/gitane-poison-damour\/\" target=\"_self\" data-lb-index=\"6\"><div class=\"t-entry-visual-overlay\"><div class=\"t-entry-visual-overlay-in style-color-wayh-bg\" style=\"opacity: 1;\"><\/div><\/div><div class=\"t-overlay-wrap\"><div class=\"t-overlay-inner\">\n\t\t\t\t\t\t\t\t\t\t\t\t\t\t<div class=\"t-overlay-content\">\n\t\t\t\t\t\t\t\t\t\t\t\t\t\t\t<div class=\"t-overlay-text single-block-padding\"><div class=\"t-entry\"><p class=\"t-entry-meta\"><span class=\"t-entry-category\"><span class=\"t-entry-cat-single\"><span>Spain<\/span><\/span><\/span><\/p><h3 class=\"t-entry-title font-762333 h5 font-weight-700 fontspace-781688 title-scale\">Gitane : poison d&rsquo;amour<\/h3><\/div><\/div><\/div><\/div><\/div><div class=\"t-background-cover\" style=\"background-image:url('https:\/\/www.inlinenomad.com\/wp-content\/uploads\/2018\/09\/4350619431_bea873d1b9_b-uai-810x810.jpg')\"><\/div><\/a><\/div>\n\t\t\t\t\t<\/div>\n\t\t\t\t<\/div><\/div><\/div><div class=\"tmb atc-typography-inherit tmb-iso-w3 tmb-iso-h3 tmb-light tmb-overlay-gradient-bottom tmb-text-showed tmb-overlay-showed tmb-overlay-anim tmb-overlay-text-reduced tmb-overlay-left tmb-overlay-bottom tmb-overlay-text-left tmb-text-space-reduced tmb-image-anim  grid-cat-106 tmb-id-74702620 tmb-media-first tmb-media-last tmb-content-overlay tmb-no-bg\" ><div class=\"t-inside animate_when_almost_visible bottom-t-top\" data-delay=\"200\"><div class=\"t-entry-visual\"><div class=\"t-entry-visual-tc\"><div class=\"t-entry-visual-cont\"><a tabindex=\"-1\" href=\"https:\/\/www.inlinenomad.com\/en\/2018\/08\/30\/nouveau-depart\/\" target=\"_self\" data-lb-index=\"7\"><div class=\"t-entry-visual-overlay\"><div class=\"t-entry-visual-overlay-in style-color-wayh-bg\" style=\"opacity: 1;\"><\/div><\/div><div class=\"t-overlay-wrap\"><div class=\"t-overlay-inner\">\n\t\t\t\t\t\t\t\t\t\t\t\t\t\t<div class=\"t-overlay-content\">\n\t\t\t\t\t\t\t\t\t\t\t\t\t\t\t<div class=\"t-overlay-text single-block-padding\"><div class=\"t-entry\"><p class=\"t-entry-meta\"><span class=\"t-entry-category\"><span class=\"t-entry-cat-single\"><span>Spain<\/span><\/span><\/span><\/p><h3 class=\"t-entry-title font-762333 h5 font-weight-700 fontspace-781688 title-scale\">Spain &#8211; Un nouveau depart<\/h3><\/div><\/div><\/div><\/div><\/div><div class=\"t-background-cover\" style=\"background-image:url('https:\/\/www.inlinenomad.com\/wp-content\/uploads\/2018\/08\/IMG_20180828_184702333-uai-624x624.jpg')\"><\/div><\/a><\/div>\n\t\t\t\t\t<\/div>\n\t\t\t\t<\/div><\/div><\/div><div class=\"tmb atc-typography-inherit tmb-iso-w3 tmb-iso-h3 tmb-light tmb-overlay-gradient-bottom tmb-text-showed tmb-overlay-showed tmb-overlay-anim tmb-overlay-text-reduced tmb-overlay-left tmb-overlay-bottom tmb-overlay-text-left tmb-text-space-reduced tmb-image-anim  grid-cat-104 grid-cat-105 tmb-id-74702507 tmb-media-first tmb-media-last tmb-content-overlay tmb-no-bg\" ><div class=\"t-inside animate_when_almost_visible bottom-t-top\" data-delay=\"200\"><div class=\"t-entry-visual\"><div class=\"t-entry-visual-tc\"><div class=\"t-entry-visual-cont\"><a tabindex=\"-1\" href=\"https:\/\/www.inlinenomad.com\/en\/2018\/08\/12\/la-fin-du-debut-2\/\" target=\"_self\" data-lb-index=\"8\"><div class=\"t-entry-visual-overlay\"><div class=\"t-entry-visual-overlay-in style-color-wayh-bg\" style=\"opacity: 1;\"><\/div><\/div><div class=\"t-overlay-wrap\"><div class=\"t-overlay-inner\">\n\t\t\t\t\t\t\t\t\t\t\t\t\t\t<div class=\"t-overlay-content\">\n\t\t\t\t\t\t\t\t\t\t\t\t\t\t\t<div class=\"t-overlay-text single-block-padding\"><div class=\"t-entry\"><p class=\"t-entry-meta\"><span class=\"t-entry-category\"><span class=\"t-entry-cat-single\"><span class=\"\">Preparation<\/span><\/span><span class=\"cat-comma\">,<\/span><\/span><span class=\"t-entry-category\"><span class=\"t-entry-cat-single\"><span class=\"\">community<\/span><\/span><\/span><\/p><h3 class=\"t-entry-title font-762333 h5 font-weight-700 fontspace-781688 title-scale\">The end of the beginning 2<\/h3><\/div><\/div><\/div><\/div><\/div><div class=\"t-background-cover\" style=\"background-image:url('https:\/\/www.inlinenomad.com\/wp-content\/uploads\/2018\/08\/2-uai-592x592.jpg')\"><\/div><\/a><\/div>\n\t\t\t\t\t<\/div>\n\t\t\t\t<\/div><\/div><\/div><div class=\"tmb atc-typography-inherit tmb-iso-w3 tmb-iso-h3 tmb-light tmb-overlay-gradient-bottom tmb-text-showed tmb-overlay-showed tmb-overlay-anim tmb-overlay-text-reduced tmb-overlay-left tmb-overlay-bottom tmb-overlay-text-left tmb-text-space-reduced tmb-image-anim  grid-cat-104 grid-cat-105 tmb-id-74702343 tmb-media-first tmb-media-last tmb-content-overlay tmb-no-bg\" ><div class=\"t-inside animate_when_almost_visible bottom-t-top\" data-delay=\"200\"><div class=\"t-entry-visual\"><div class=\"t-entry-visual-tc\"><div class=\"t-entry-visual-cont\"><a tabindex=\"-1\" href=\"https:\/\/www.inlinenomad.com\/en\/2018\/04\/13\/charrette-bambou\/\" target=\"_self\" data-lb-index=\"9\"><div class=\"t-entry-visual-overlay\"><div class=\"t-entry-visual-overlay-in style-color-wayh-bg\" style=\"opacity: 1;\"><\/div><\/div><div class=\"t-overlay-wrap\"><div class=\"t-overlay-inner\">\n\t\t\t\t\t\t\t\t\t\t\t\t\t\t<div class=\"t-overlay-content\">\n\t\t\t\t\t\t\t\t\t\t\t\t\t\t\t<div class=\"t-overlay-text single-block-padding\"><div class=\"t-entry\"><p class=\"t-entry-meta\"><span class=\"t-entry-category\"><span class=\"t-entry-cat-single\"><span class=\"\">Preparation<\/span><\/span><span class=\"cat-comma\">,<\/span><\/span><span class=\"t-entry-category\"><span class=\"t-entry-cat-single\"><span class=\"\">community<\/span><\/span><\/span><\/p><h3 class=\"t-entry-title font-762333 h5 font-weight-700 fontspace-781688 title-scale\">Bamboo trailer<\/h3><\/div><\/div><\/div><\/div><\/div><div class=\"t-background-cover\" style=\"background-image:url('https:\/\/www.inlinenomad.com\/wp-content\/uploads\/2018\/02\/top-2-uai-1075x1075.jpg')\"><\/div><\/a><\/div>\n\t\t\t\t\t<\/div>\n\t\t\t\t<\/div><\/div><\/div><div class=\"tmb atc-typography-inherit tmb-iso-w3 tmb-iso-h3 tmb-light tmb-overlay-gradient-bottom tmb-text-showed tmb-overlay-showed tmb-overlay-anim tmb-overlay-text-reduced tmb-overlay-left tmb-overlay-bottom tmb-overlay-text-left tmb-text-space-reduced tmb-image-anim  grid-cat-104 grid-cat-105 tmb-id-74702252 tmb-media-first tmb-media-last tmb-content-overlay tmb-no-bg\" ><div class=\"t-inside animate_when_almost_visible bottom-t-top\" data-delay=\"200\"><div class=\"t-entry-visual\"><div class=\"t-entry-visual-tc\"><div class=\"t-entry-visual-cont\"><a tabindex=\"-1\" href=\"https:\/\/www.inlinenomad.com\/en\/2018\/04\/07\/mini-guide\/\" target=\"_self\" data-lb-index=\"10\"><div class=\"t-entry-visual-overlay\"><div class=\"t-entry-visual-overlay-in style-color-wayh-bg\" style=\"opacity: 1;\"><\/div><\/div><div class=\"t-overlay-wrap\"><div class=\"t-overlay-inner\">\n\t\t\t\t\t\t\t\t\t\t\t\t\t\t<div class=\"t-overlay-content\">\n\t\t\t\t\t\t\t\t\t\t\t\t\t\t\t<div class=\"t-overlay-text single-block-padding\"><div class=\"t-entry\"><p class=\"t-entry-meta\"><span class=\"t-entry-category\"><span class=\"t-entry-cat-single\"><span class=\"\">Preparation<\/span><\/span><span class=\"cat-comma\">,<\/span><\/span><span class=\"t-entry-category\"><span class=\"t-entry-cat-single\"><span class=\"\">community<\/span><\/span><\/span><\/p><h3 class=\"t-entry-title font-762333 h5 font-weight-700 fontspace-781688 title-scale\">Mini guide<\/h3><\/div><\/div><\/div><\/div><\/div><div class=\"t-background-cover\" style=\"background-image:url('https:\/\/www.inlinenomad.com\/wp-content\/uploads\/2018\/02\/road-asphalt-space-sky-56832-uai-1318x1318.jpeg')\"><\/div><\/a><\/div>\n\t\t\t\t\t<\/div>\n\t\t\t\t<\/div><\/div><\/div><div class=\"tmb atc-typography-inherit tmb-iso-w3 tmb-iso-h3 tmb-light tmb-overlay-gradient-bottom tmb-text-showed tmb-overlay-showed tmb-overlay-anim tmb-overlay-text-reduced tmb-overlay-left tmb-overlay-bottom tmb-overlay-text-left tmb-text-space-reduced tmb-image-anim  grid-cat-104 grid-cat-105 tmb-id-74701933 tmb-media-first tmb-media-last tmb-content-overlay tmb-no-bg\" ><div class=\"t-inside animate_when_almost_visible bottom-t-top\" data-delay=\"200\"><div class=\"t-entry-visual\"><div class=\"t-entry-visual-tc\"><div class=\"t-entry-visual-cont\"><a tabindex=\"-1\" href=\"https:\/\/www.inlinenomad.com\/en\/2018\/03\/26\/configuration-de-voyage\/\" target=\"_self\" data-lb-index=\"11\"><div class=\"t-entry-visual-overlay\"><div class=\"t-entry-visual-overlay-in style-color-wayh-bg\" style=\"opacity: 1;\"><\/div><\/div><div class=\"t-overlay-wrap\"><div class=\"t-overlay-inner\">\n\t\t\t\t\t\t\t\t\t\t\t\t\t\t<div class=\"t-overlay-content\">\n\t\t\t\t\t\t\t\t\t\t\t\t\t\t\t<div class=\"t-overlay-text single-block-padding\"><div class=\"t-entry\"><p class=\"t-entry-meta\"><span class=\"t-entry-category\"><span class=\"t-entry-cat-single\"><span class=\"\">Preparation<\/span><\/span><span class=\"cat-comma\">,<\/span><\/span><span class=\"t-entry-category\"><span class=\"t-entry-cat-single\"><span class=\"\">community<\/span><\/span><\/span><\/p><h3 class=\"t-entry-title font-762333 h5 font-weight-700 fontspace-781688 title-scale\">Travel configurations<\/h3><\/div><\/div><\/div><\/div><\/div><div class=\"t-background-cover\" style=\"background-image:url('https:\/\/www.inlinenomad.com\/wp-content\/uploads\/2018\/03\/s-l1600-2-uai-1026x1026.jpg')\"><\/div><\/a><\/div>\n\t\t\t\t\t<\/div>\n\t\t\t\t<\/div><\/div><\/div><div class=\"tmb atc-typography-inherit tmb-iso-w3 tmb-iso-h3 tmb-light tmb-overlay-gradient-bottom tmb-text-showed tmb-overlay-showed tmb-overlay-anim tmb-overlay-text-reduced tmb-overlay-left tmb-overlay-bottom tmb-overlay-text-left tmb-text-space-reduced tmb-image-anim  grid-cat-104 grid-cat-105 tmb-id-74701465 tmb-media-first tmb-media-last tmb-content-overlay tmb-no-bg\" ><div class=\"t-inside animate_when_almost_visible bottom-t-top\" data-delay=\"200\"><div class=\"t-entry-visual\"><div class=\"t-entry-visual-tc\"><div class=\"t-entry-visual-cont\"><a tabindex=\"-1\" href=\"https:\/\/www.inlinenomad.com\/en\/2018\/03\/17\/voyageurs-a-rollers\/\" target=\"_self\" data-lb-index=\"12\"><div class=\"t-entry-visual-overlay\"><div class=\"t-entry-visual-overlay-in style-color-wayh-bg\" style=\"opacity: 1;\"><\/div><\/div><div class=\"t-overlay-wrap\"><div class=\"t-overlay-inner\">\n\t\t\t\t\t\t\t\t\t\t\t\t\t\t<div class=\"t-overlay-content\">\n\t\t\t\t\t\t\t\t\t\t\t\t\t\t\t<div class=\"t-overlay-text single-block-padding\"><div class=\"t-entry\"><p class=\"t-entry-meta\"><span class=\"t-entry-category\"><span class=\"t-entry-cat-single\"><span class=\"\">Preparation<\/span><\/span><span class=\"cat-comma\">,<\/span><\/span><span class=\"t-entry-category\"><span class=\"t-entry-cat-single\"><span class=\"\">community<\/span><\/span><\/span><\/p><h3 class=\"t-entry-title font-762333 h5 font-weight-700 fontspace-781688 title-scale\">Rollerblade travelers<\/h3><\/div><\/div><\/div><\/div><\/div><div class=\"t-background-cover\" style=\"background-image:url('https:\/\/www.inlinenomad.com\/wp-content\/uploads\/2018\/03\/interview_yincai_luo_2017_03-uai-471x471.jpg')\"><\/div><\/a><\/div>\n\t\t\t\t\t<\/div>\n\t\t\t\t<\/div><\/div><\/div><div class=\"tmb atc-typography-inherit tmb-iso-w3 tmb-iso-h3 tmb-light tmb-overlay-gradient-bottom tmb-text-showed tmb-overlay-showed tmb-overlay-anim tmb-overlay-text-reduced tmb-overlay-left tmb-overlay-bottom tmb-overlay-text-left tmb-text-space-reduced tmb-image-anim  grid-cat-104 grid-cat-105 tmb-id-74701432 tmb-media-first tmb-media-last tmb-content-overlay tmb-no-bg\" ><div class=\"t-inside animate_when_almost_visible bottom-t-top\" data-delay=\"200\"><div class=\"t-entry-visual\"><div class=\"t-entry-visual-tc\"><div class=\"t-entry-visual-cont\"><a tabindex=\"-1\" href=\"https:\/\/www.inlinenomad.com\/en\/2018\/03\/16\/ouverture-du-blog\/\" target=\"_self\" data-lb-index=\"13\"><div class=\"t-entry-visual-overlay\"><div class=\"t-entry-visual-overlay-in style-color-wayh-bg\" style=\"opacity: 1;\"><\/div><\/div><div class=\"t-overlay-wrap\"><div class=\"t-overlay-inner\">\n\t\t\t\t\t\t\t\t\t\t\t\t\t\t<div class=\"t-overlay-content\">\n\t\t\t\t\t\t\t\t\t\t\t\t\t\t\t<div class=\"t-overlay-text single-block-padding\"><div class=\"t-entry\"><p class=\"t-entry-meta\"><span class=\"t-entry-category\"><span class=\"t-entry-cat-single\"><span class=\"\">Preparation<\/span><\/span><span class=\"cat-comma\">,<\/span><\/span><span class=\"t-entry-category\"><span class=\"t-entry-cat-single\"><span class=\"\">community<\/span><\/span><\/span><\/p><h3 class=\"t-entry-title font-762333 h5 font-weight-700 fontspace-781688 title-scale\">Blog OPEN !<\/h3><\/div><\/div><\/div><\/div><\/div><div class=\"t-background-cover\" style=\"background-image:url('https:\/\/www.inlinenomad.com\/wp-content\/uploads\/2018\/03\/505032744-uai-408x408.jpg')\"><\/div><\/a><\/div>\n\t\t\t\t\t<\/div>\n\t\t\t\t<\/div><\/div><\/div>\t\t<\/div>\n\t\n\n\t<\/div>\t\t\t<\/div>\n<\/div><\/div><\/div><\/div><\/div><script id=\"script-row-unique-0\" data-row=\"script-row-unique-0\" type=\"text\/javascript\" class=\"vc_controls\">UNCODE.initRow(document.getElementById(\"row-unique-0\"));<\/script><\/div><\/div><\/div>","protected":false},"excerpt":{"rendered":"Cet article est le premier d&rsquo;une s\u00e9rie consacr\u00e9e au voyage \u00e0 roller. Les ressources sur le sujet m&rsquo;on manqu\u00e9s quand [...]","protected":false},"author":1,"featured_media":0,"parent":36645,"menu_order":0,"comment_status":"open","ping_status":"closed","template":"","meta":{"footnotes":""},"class_list":["post-74701427","page","type-page","status-publish","hentry"],"_links":{"self":[{"href":"https:\/\/www.inlinenomad.com\/en\/wp-json\/wp\/v2\/pages\/74701427"}],"collection":[{"href":"https:\/\/www.inlinenomad.com\/en\/wp-json\/wp\/v2\/pages"}],"about":[{"href":"https:\/\/www.inlinenomad.com\/en\/wp-json\/wp\/v2\/types\/page"}],"author":[{"embeddable":true,"href":"https:\/\/www.inlinenomad.com\/en\/wp-json\/wp\/v2\/users\/1"}],"replies":[{"embeddable":true,"href":"https:\/\/www.inlinenomad.com\/en\/wp-json\/wp\/v2\/comments?post=74701427"}],"version-history":[{"count":9,"href":"https:\/\/www.inlinenomad.com\/en\/wp-json\/wp\/v2\/pages\/74701427\/revisions"}],"predecessor-version":[{"id":74703598,"href":"https:\/\/www.inlinenomad.com\/en\/wp-json\/wp\/v2\/pages\/74701427\/revisions\/74703598"}],"up":[{"embeddable":true,"href":"https:\/\/www.inlinenomad.com\/en\/wp-json\/wp\/v2\/pages\/36645"}],"wp:attachment":[{"href":"https:\/\/www.inlinenomad.com\/en\/wp-json\/wp\/v2\/media?parent=74701427"}],"curies":[{"name":"wp","href":"https:\/\/api.w.org\/{rel}","templated":true}]}}